{"id":13089,"date":"2025-08-22T15:24:14","date_gmt":"2025-08-22T08:24:14","guid":{"rendered":"https:\/\/check-qrcode.com\/?post_type=product&#038;p=13089"},"modified":"2025-08-25T16:17:29","modified_gmt":"2025-08-25T09:17:29","slug":"6195400290","status":"publish","type":"product","link":"https:\/\/check-qrcode.com\/en\/6195400290\/","title":{"rendered":"H\u1ed9p tr\u00e0 t\u00fai l\u1ecdc Atiso 200g"},"content":{"rendered":"<style>.kb-row-layout-id13089_eb35e3-a2 > .kt-row-column-wrap{align-content:start;}:where(.kb-row-layout-id13089_eb35e3-a2 > .kt-row-column-wrap) > .wp-block-kadence-column{justify-content:start;}.kb-row-layout-id13089_eb35e3-a2 > .kt-row-column-wrap{column-gap:var(--global-kb-gap-md, 2rem);row-gap:var(--global-kb-gap-md, 2rem);max-width:var(--wp--style--global--content-size);padding-top:5px;padding-bottom:5px;grid-template-columns:minmax(0, 1fr);}.kb-row-layout-id13089_eb35e3-a2 > .kt-row-layout-overlay{opacity:0.30;}.kb-row-layout-id13089_eb35e3-a2 .kt-row-layout-bottom-sep{height:30px;}.kb-row-layout-id13089_eb35e3-a2 .kt-row-layout-bottom-sep svg{width:100%;}.kb-row-layout-id13089_eb35e3-a2 .kt-row-layout-bottom-sep svg{fill:#14539a!important;}.kb-row-layout-id13089_eb35e3-a2 .kt-row-layout-top-sep{height:30px;}.kb-row-layout-id13089_eb35e3-a2 .kt-row-layout-top-sep svg{width:100%;}.kb-row-layout-id13089_eb35e3-a2 .kt-row-layout-top-sep svg{fill:#14539a!important;}@media all and (max-width: 1024px){.kb-row-layout-id13089_eb35e3-a2 > .kt-row-column-wrap{grid-template-columns:minmax(0, 1fr);}}@media all and (max-width: 1024px){.kb-row-layout-id13089_eb35e3-a2 .kt-row-layout-bottom-sep{height:px;}}@media all and (max-width: 1024px){.kb-row-layout-id13089_eb35e3-a2 .kt-row-layout-bottom-sep svg{width:%;}}@media all and (max-width: 767px){.kb-row-layout-id13089_eb35e3-a2 > .kt-row-column-wrap{grid-template-columns:minmax(0, 1fr);}.kb-row-layout-id13089_eb35e3-a2 .kt-row-layout-bottom-sep{height:px;}.kb-row-layout-id13089_eb35e3-a2 .kt-row-layout-bottom-sep svg{width:%;}}<\/style><section class=\"kb-row-layout-wrap kb-row-layout-id13089_eb35e3-a2 alignnone wp-block-kadence-rowlayout\"><div class=\"kt-row-column-wrap kt-has-1-columns kt-row-layout-equal kt-tab-layout-inherit kt-mobile-layout-row kt-row-valign-top kb-theme-content-width\">\n<style>.kadence-column13089_571a5e-d0 > .kt-inside-inner-col,.kadence-column13089_571a5e-d0 > .kt-inside-inner-col:before{border-top-left-radius:0px;border-top-right-radius:0px;border-bottom-right-radius:0px;border-bottom-left-radius:0px;}.kadence-column13089_571a5e-d0 > .kt-inside-inner-col{column-gap:var(--global-kb-gap-sm, 1rem);}.kadence-column13089_571a5e-d0 > .kt-inside-inner-col{flex-direction:column;}.kadence-column13089_571a5e-d0 > .kt-inside-inner-col > .aligncenter{width:100%;}.kadence-column13089_571a5e-d0 > .kt-inside-inner-col:before{opacity:0.3;}.kadence-column13089_571a5e-d0{position:relative;}@media all and (max-width: 1024px){.kadence-column13089_571a5e-d0 > .kt-inside-inner-col{flex-direction:column;}}@media all and (max-width: 767px){.kadence-column13089_571a5e-d0 > .kt-inside-inner-col{flex-direction:column;}}<\/style>\n<div class=\"wp-block-kadence-column kadence-column13089_571a5e-d0 kb-section-dir-vertical\"><div class=\"kt-inside-inner-col\"><style>.kt-accordion-id13089_21156c-9f .kt-accordion-inner-wrap{column-gap:var(--global-kb-gap-md, 2rem);row-gap:10px;}.kt-accordion-id13089_21156c-9f .kt-accordion-panel-inner{background:#fff;padding-top:19px;padding-right:19px;padding-bottom:19px;padding-left:19px;}.kt-accordion-id13089_21156c-9f .wp-block-kadence-pane .kt-accordion-header-wrap .kt-blocks-accordion-header{border-top:1px solid #eeeeee;border-right:1px solid #eeeeee;border-bottom:1px solid #eeeeee;border-left:2px solid #eeeeee;border-top-left-radius:0px;border-top-right-radius:0px;border-bottom-right-radius:0px;border-bottom-left-radius:0px;background:#14539a;font-size:14px;line-height:26px;color:#ffffff;padding-top:5px;padding-right:14px;padding-bottom:5px;padding-left:14px;}.kt-accordion-id13089_21156c-9f:not( .kt-accodion-icon-style-basiccircle ):not( .kt-accodion-icon-style-xclosecircle ):not( .kt-accodion-icon-style-arrowcircle ) .kt-blocks-accordion-icon-trigger:after, .kt-accordion-id13089_21156c-9f:not( .kt-accodion-icon-style-basiccircle ):not( .kt-accodion-icon-style-xclosecircle ):not( .kt-accodion-icon-style-arrowcircle ) .kt-blocks-accordion-icon-trigger:before{background:#ffffff;}.kt-accordion-id13089_21156c-9f:not( .kt-accodion-icon-style-basic ):not( .kt-accodion-icon-style-xclose ):not( .kt-accodion-icon-style-arrow ) .kt-blocks-accordion-icon-trigger{background:#ffffff;}.kt-accordion-id13089_21156c-9f:not( .kt-accodion-icon-style-basic ):not( .kt-accodion-icon-style-xclose ):not( .kt-accodion-icon-style-arrow ) .kt-blocks-accordion-icon-trigger:after, .kt-accordion-id13089_21156c-9f:not( .kt-accodion-icon-style-basic ):not( .kt-accodion-icon-style-xclose ):not( .kt-accodion-icon-style-arrow ) .kt-blocks-accordion-icon-trigger:before{background:#14539a;}.kt-accordion-id13089_21156c-9f .kt-accordion-header-wrap .kt-blocks-accordion-header:hover, body:not(.hide-focus-outline) .kt-accordion-id13089_21156c-9f .kt-accordion-header-wrap .kt-blocks-accordion-header:focus-visible{color:#ffffff;background:#00ad1d;border-top:1px solid #d4d4d4;border-right:1px solid #d4d4d4;border-bottom:1px solid #d4d4d4;border-left:2px solid #d4d4d4;}.kt-accordion-id13089_21156c-9f:not( .kt-accodion-icon-style-basiccircle ):not( .kt-accodion-icon-style-xclosecircle ):not( .kt-accodion-icon-style-arrowcircle ) .kt-blocks-accordion-header:hover .kt-blocks-accordion-icon-trigger:after, .kt-accordion-id13089_21156c-9f:not( .kt-accodion-icon-style-basiccircle ):not( .kt-accodion-icon-style-xclosecircle ):not( .kt-accodion-icon-style-arrowcircle ) .kt-blocks-accordion-header:hover .kt-blocks-accordion-icon-trigger:before, body:not(.hide-focus-outline) .kt-accordion-id13089_21156c-9f:not( .kt-accodion-icon-style-basiccircle ):not( .kt-accodion-icon-style-xclosecircle ):not( .kt-accodion-icon-style-arrowcircle ) .kt-blocks-accordion--visible .kt-blocks-accordion-icon-trigger:after, body:not(.hide-focus-outline) .kt-accordion-id13089_21156c-9f:not( .kt-accodion-icon-style-basiccircle ):not( .kt-accodion-icon-style-xclosecircle ):not( .kt-accodion-icon-style-arrowcircle ) .kt-blocks-accordion-header:focus-visible .kt-blocks-accordion-icon-trigger:before{background:#ffffff;}.kt-accordion-id13089_21156c-9f:not( .kt-accodion-icon-style-basic ):not( .kt-accodion-icon-style-xclose ):not( .kt-accodion-icon-style-arrow ) .kt-blocks-accordion-header:hover .kt-blocks-accordion-icon-trigger, body:not(.hide-focus-outline) .kt-accordion-id13089_21156c-9f:not( .kt-accodion-icon-style-basic ):not( .kt-accodion-icon-style-xclose ):not( .kt-accodion-icon-style-arrow ) .kt-blocks-accordion-header:focus-visible .kt-blocks-accordion-icon-trigger{background:#ffffff;}.kt-accordion-id13089_21156c-9f:not( .kt-accodion-icon-style-basic ):not( .kt-accodion-icon-style-xclose ):not( .kt-accodion-icon-style-arrow ) .kt-blocks-accordion-header:hover .kt-blocks-accordion-icon-trigger:after, .kt-accordion-id13089_21156c-9f:not( .kt-accodion-icon-style-basic ):not( .kt-accodion-icon-style-xclose ):not( .kt-accodion-icon-style-arrow ) .kt-blocks-accordion-header:hover .kt-blocks-accordion-icon-trigger:before, body:not(.hide-focus-outline) .kt-accordion-id13089_21156c-9f:not( .kt-accodion-icon-style-basic ):not( .kt-accodion-icon-style-xclose ):not( .kt-accodion-icon-style-arrow ) .kt-blocks-accordion-header:focus-visible .kt-blocks-accordion-icon-trigger:after, body:not(.hide-focus-outline) .kt-accordion-id13089_21156c-9f:not( .kt-accodion-icon-style-basic ):not( .kt-accodion-icon-style-xclose ):not( .kt-accodion-icon-style-arrow ) .kt-blocks-accordion-header:focus-visible .kt-blocks-accordion-icon-trigger:before{background:#00ad1d;}.kt-accordion-id13089_21156c-9f .kt-accordion-header-wrap .kt-blocks-accordion-header:focus-visible, .kt-accordion-id13089_21156c-9f .kt-accordion-header-wrap .kt-blocks-accordion-header.kt-accordion-panel-active{color:#ffffff;background:#00ad1d;border-top:1px solid #eee;border-right:1px solid #eee;border-bottom:1px solid #eee;border-left:2px solid #0e9cd1;}.kt-accordion-id13089_21156c-9f:not( .kt-accodion-icon-style-basiccircle ):not( .kt-accodion-icon-style-xclosecircle ):not( .kt-accodion-icon-style-arrowcircle ) .kt-blocks-accordion-header.kt-accordion-panel-active .kt-blocks-accordion-icon-trigger:after, .kt-accordion-id13089_21156c-9f:not( .kt-accodion-icon-style-basiccircle ):not( .kt-accodion-icon-style-xclosecircle ):not( .kt-accodion-icon-style-arrowcircle ) .kt-blocks-accordion-header.kt-accordion-panel-active .kt-blocks-accordion-icon-trigger:before{background:#ffffff;}.kt-accordion-id13089_21156c-9f:not( .kt-accodion-icon-style-basic ):not( .kt-accodion-icon-style-xclose ):not( .kt-accodion-icon-style-arrow ) .kt-blocks-accordion-header.kt-accordion-panel-active .kt-blocks-accordion-icon-trigger{background:#ffffff;}.kt-accordion-id13089_21156c-9f:not( .kt-accodion-icon-style-basic ):not( .kt-accodion-icon-style-xclose ):not( .kt-accodion-icon-style-arrow ) .kt-blocks-accordion-header.kt-accordion-panel-active .kt-blocks-accordion-icon-trigger:after, .kt-accordion-id13089_21156c-9f:not( .kt-accodion-icon-style-basic ):not( .kt-accodion-icon-style-xclose ):not( .kt-accodion-icon-style-arrow ) .kt-blocks-accordion-header.kt-accordion-panel-active .kt-blocks-accordion-icon-trigger:before{background:#00ad1d;}@media all and (max-width: 1024px){.kt-accordion-id13089_21156c-9f .wp-block-kadence-pane .kt-accordion-header-wrap .kt-blocks-accordion-header{border-top:1px solid #eeeeee;border-right:1px solid #eeeeee;border-bottom:1px solid #eeeeee;border-left:2px solid #eeeeee;}}@media all and (max-width: 1024px){.kt-accordion-id13089_21156c-9f .kt-accordion-header-wrap .kt-blocks-accordion-header:hover, body:not(.hide-focus-outline) .kt-accordion-id13089_21156c-9f .kt-accordion-header-wrap .kt-blocks-accordion-header:focus-visible{border-top:1px solid #d4d4d4;border-right:1px solid #d4d4d4;border-bottom:1px solid #d4d4d4;border-left:2px solid #d4d4d4;}}@media all and (max-width: 1024px){.kt-accordion-id13089_21156c-9f .kt-accordion-header-wrap .kt-blocks-accordion-header:focus-visible, .kt-accordion-id13089_21156c-9f .kt-accordion-header-wrap .kt-blocks-accordion-header.kt-accordion-panel-active{border-top:1px solid #eee;border-right:1px solid #eee;border-bottom:1px solid #eee;border-left:2px solid #0e9cd1;}}@media all and (max-width: 767px){.kt-accordion-id13089_21156c-9f .kt-accordion-inner-wrap{display:block;}.kt-accordion-id13089_21156c-9f .kt-accordion-inner-wrap .kt-accordion-pane:not(:first-child){margin-top:10px;}.kt-accordion-id13089_21156c-9f .wp-block-kadence-pane .kt-accordion-header-wrap .kt-blocks-accordion-header{border-top:1px solid #eeeeee;border-right:1px solid #eeeeee;border-bottom:1px solid #eeeeee;border-left:2px solid #eeeeee;}.kt-accordion-id13089_21156c-9f .kt-accordion-header-wrap .kt-blocks-accordion-header:hover, body:not(.hide-focus-outline) .kt-accordion-id13089_21156c-9f .kt-accordion-header-wrap .kt-blocks-accordion-header:focus-visible{border-top:1px solid #d4d4d4;border-right:1px solid #d4d4d4;border-bottom:1px solid #d4d4d4;border-left:2px solid #d4d4d4;}.kt-accordion-id13089_21156c-9f .kt-accordion-header-wrap .kt-blocks-accordion-header:focus-visible, .kt-accordion-id13089_21156c-9f .kt-accordion-header-wrap .kt-blocks-accordion-header.kt-accordion-panel-active{border-top:1px solid #eee;border-right:1px solid #eee;border-bottom:1px solid #eee;border-left:2px solid #0e9cd1;}}<\/style>\n<div class=\"wp-block-kadence-accordion alignnone\"><div class=\"kt-accordion-wrap kt-accordion-id13089_21156c-9f kt-accordion-has-17-panes kt-active-pane-0 kt-accordion-block kt-pane-header-alignment-left kt-accodion-icon-style-arrowcircle kt-accodion-icon-side-right\" style=\"max-width:none\"><div class=\"kt-accordion-inner-wrap\" data-allow-multiple-open=\"false\" data-start-open=\"none\"><div class=\"wp-block-kadence-pane kt-accordion-pane kt-accordion-pane-16 kt-pane13089_a0d721-58\"><div class=\"kt-accordion-header-wrap\"><button class=\"kt-blocks-accordion-header kt-acccordion-button-label-show\" type=\"button\"><span class=\"kt-blocks-accordion-title-wrap\"><span class=\"kt-blocks-accordion-title\"><strong>GI\u1edaI THI\u1ec6U S\u1ea2N PH\u1ea8M<\/strong><\/span><\/span><span class=\"kt-blocks-accordion-icon-trigger\"><\/span><\/button><\/div><div class=\"kt-accordion-panel kt-accordion-panel-hidden\"><div class=\"kt-accordion-panel-inner\"><p><strong>TH\u00c0NH PH\u1ea6N:<br><\/strong>&#8211; 100% Atiso nguy\u00ean ch\u1ea5t<\/p>\n\n<p><strong>C\u00d4NG D\u1ee4NG:<\/strong><\/p>\n\n<ul class=\"wp-block-list\"><li>Thanh nhi\u1ec7t, gi\u1ea3i \u0111\u1ed9c gan <\/li>\n\n<li>H\u1ed7 tr\u1ee3 ti\u00eau h\u00f3a<\/li>\n\n<li>L\u1ee3i ti\u1ec3u<\/li>\n\n<li>L\u00e0m gi\u1ea3m cholesterol v\u00e0 ur\u00ea trong m\u00e1u<\/li>\n\n<li>C\u00e2n b\u1eb1ng \u0111\u01b0\u1eddng huy\u1ebft<\/li>\n\n<li>C\u1ea3i thi\u1ec7n gi\u1ea5c ng\u1ee7<\/li>\n\n<li>Cung c\u1ea5p ch\u1ea5t ch\u1ed1ng oxy h\u00f3a<\/li>\n\n<li>Ng\u0103n ng\u1eeba m\u1ee5n<\/li><\/ul>\n\n<p><strong>C\u00c1CH D\u00d9NG:<br><\/strong>&#8211; Cho t\u00fai tr\u00e0 v\u00e0o 200ml n\u01b0\u1edbc s\u00f4i. Ch\u1edd kho\u1ea3ng 3-5 ph\u00fat l\u00e0 d\u00f9ng \u0111\u01b0\u1ee3c<\/p><\/div><\/div><\/div>\n\n<div class=\"wp-block-kadence-pane kt-accordion-pane kt-accordion-pane-14 kt-pane13089_904338-09\"><div class=\"kt-accordion-header-wrap\"><button class=\"kt-blocks-accordion-header kt-acccordion-button-label-show\" type=\"button\"><span class=\"kt-blocks-accordion-title-wrap\"><span class=\"kt-blocks-accordion-title\"><strong>TH\u00d4NG S\u1ed0 K\u1ef8 THU\u1eacT<\/strong><\/span><\/span><span class=\"kt-blocks-accordion-icon-trigger\"><\/span><\/button><\/div><div class=\"kt-accordion-panel kt-accordion-panel-hidden\"><div class=\"kt-accordion-panel-inner\"><div class=\"wp-block-group\"><div class=\"wp-block-group__inner-container is-layout-flow wp-block-group-is-layout-flow\"><div class=\"wp-block-group\"><div class=\"wp-block-group__inner-container is-layout-flow wp-block-group-is-layout-flow\"><style>.kt-tabs-id13089_923be7-26 > .kt-tabs-content-wrap > .wp-block-kadence-tab{border-top:3px solid #00ad1d;border-right:0px solid #00ad1d;border-bottom:0px solid #00ad1d;border-left:0px solid #00ad1d;border-top-left-radius:0px;border-top-right-radius:0px;border-bottom-right-radius:0px;border-bottom-left-radius:0px;padding-top:1px;padding-right:1px;padding-bottom:1px;padding-left:1px;background:#ffffff;}.wp-block-kadence-tabs .kt-tabs-id13089_923be7-26 > .kt-tabs-title-list li{margin-top:0px;margin-right:8px;margin-bottom:0px;margin-left:0px;}.wp-block-kadence-tabs .kt-tabs-id13089_923be7-26 > .kt-tabs-title-list li:last-child{margin-right:0px;}.wp-block-kadence-tabs .kt-tabs-id13089_923be7-26 > .kt-tabs-title-list li .kt-tab-title, .wp-block-kadence-tabs .kt-tabs-id13089_923be7-26 > .kt-tabs-content-wrap > .kt-tabs-accordion-title .kt-tab-title{line-height:1em;font-weight:regular;font-style:normal;border-top-width:0px;border-right-width:0px;border-bottom-width:0px;border-left-width:0px;border-top-left-radius:4px;border-top-right-radius:4px;border-bottom-right-radius:0px;border-bottom-left-radius:0px;padding-top:8px;padding-right:20px;padding-bottom:8px;padding-left:20px;border-color:#eeeeee;color:#222222;background:#eeeeee;}.wp-block-kadence-tabs .kt-tabs-id13089_923be7-26 > .kt-tabs-content-wrap > .kt-tabs-accordion-title .kt-tab-title{margin-top:0px;margin-right:8px;margin-bottom:0px;margin-left:0px;}.wp-block-kadence-tabs .kt-tabs-id13089_923be7-26 > .kt-tabs-title-list li .kt-tab-title:hover, .wp-block-kadence-tabs .kt-tabs-id13089_923be7-26 > .kt-tabs-content-wrap > .kt-tabs-accordion-title .kt-tab-title:hover{border-color:#eeeeee;color:#ffffff;background:#00ad1d;}.wp-block-kadence-tabs .kt-tabs-id13089_923be7-26 > .kt-tabs-title-list li.kt-tab-title-active .kt-tab-title, .wp-block-kadence-tabs .kt-tabs-id13089_923be7-26 > .kt-tabs-content-wrap > .kt-tabs-accordion-title.kt-tab-title-active .kt-tab-title{border-color:#eeeeee;color:#ffffff;background:#00ad1d;}@media all and (max-width: 1024px){.kt-tabs-id13089_923be7-26 > .kt-tabs-content-wrap > .wp-block-kadence-tab{border-top:3px solid #00ad1d;border-right:0px solid #00ad1d;border-bottom:0px solid #00ad1d;border-left:0px solid #00ad1d;}}@media all and (max-width: 767px){.kt-tabs-id13089_923be7-26 > .kt-tabs-content-wrap > .wp-block-kadence-tab{border-top:3px solid #00ad1d;border-right:0px solid #00ad1d;border-bottom:0px solid #00ad1d;border-left:0px solid #00ad1d;}}<\/style>\n<div class=\"wp-block-kadence-tabs alignnone\"><div class=\"kt-tabs-wrap kt-tabs-id13089_923be7-26 kt-tabs-has-3-tabs kt-active-tab-1 kt-tabs-layout-tabs kt-tabs-tablet-layout-inherit kt-tabs-mobile-layout-accordion kt-tab-alignment-left kt-create-accordion\"><ul class=\"kt-tabs-title-list\"><li id=\"tab-thngtinsnphm\" class=\"kt-title-item kt-title-item-1 kt-tabs-svg-show-always kt-tabs-icon-side-right kt-tab-title-active\"><a href=\"#tab-thngtinsnphm\" data-tab=\"1\" class=\"kt-tab-title kt-tab-title-1\"><span class=\"kt-title-text\">TH\u00d4NG TIN S\u1ea2N PH\u1ea8M<\/span><\/a><\/li><li id=\"tab-thanhphndinhdng\" class=\"kt-title-item kt-title-item-2 kt-tabs-svg-show-always kt-tabs-icon-side-right kt-tab-title-inactive\"><a href=\"#tab-thanhphndinhdng\" data-tab=\"2\" class=\"kt-tab-title kt-tab-title-2\"><span class=\"kt-title-text\">THA\u0300NH PH\u00c2\u0300N DINH D\u01af\u01a0\u0303NG<\/span><\/a><\/li><li id=\"tab-xutx\" class=\"kt-title-item kt-title-item-3 kt-tabs-svg-show-always kt-tabs-icon-side-right kt-tab-title-inactive\"><a href=\"#tab-xutx\" data-tab=\"3\" class=\"kt-tab-title kt-tab-title-3\"><span class=\"kt-title-text\">XU\u1ea4T X\u1ee8<\/span><\/a><\/li><\/ul><div class=\"kt-tabs-content-wrap\"><div class=\"wp-block-kadence-tab kt-tab-inner-content kt-inner-tab-1 kt-inner-tabca4784-40\"><div class=\"kt-tab-inner-content-inner\"><style>.kb-table-container13089_c11109-2a{overflow-x:auto;}.kb-table-container .kb-table13089_c11109-2a th{padding-top:var(--global-kb-spacing-xxs, 0.5rem);padding-right:var(--global-kb-spacing-xxs, 0.5rem);padding-bottom:var(--global-kb-spacing-xxs, 0.5rem);padding-left:var(--global-kb-spacing-xxs, 0.5rem);}.kb-table-container .kb-table13089_c11109-2a td{padding-top:var(--global-kb-spacing-xxs, 0.5rem);padding-right:var(--global-kb-spacing-xxs, 0.5rem);padding-bottom:var(--global-kb-spacing-xxs, 0.5rem);padding-left:var(--global-kb-spacing-xxs, 0.5rem);}<\/style><div class=\"kb-table-container kb-table-container13089_c11109-2a wp-block-kadence-table\"><table class=\"kb-table kb-table13089_c11109-2a\">\n<tr class=\"kb-table-row kb-table-row13089_e899ac-67\">\n<td class=\"kb-table-data kb-table-data13089_12ebcb-55\">\n<p><strong>Lo\u1ea1i s\u1ea3n ph\u1ea9m<\/strong>:<\/p>\n<\/13089_12ebcb-55>\n\n<td class=\"kb-table-data kb-table-data13089_41ff18-6a\">\n<p>Tra\u0300 Atis\u00f4 tu\u0301i lo\u0323c<\/p>\n<\/13089_41ff18-6a>\n<\/tr>\n\n<tr class=\"kb-table-row kb-table-row13089_fa62c4-48\">\n<td class=\"kb-table-data kb-table-data13089_55d6ad-0a\">\n<p><strong>M\u00e3 s\u1ea3n ph\u1ea9m<\/strong>:<\/p>\n<\/13089_55d6ad-0a>\n\n<td class=\"kb-table-data kb-table-data13089_31b19c-6a\">\n<p>6195400290<\/p>\n<\/13089_31b19c-6a>\n<\/tr>\n<\/table><\/div><\/div><\/div>\n\n<div class=\"wp-block-kadence-tab kt-tab-inner-content kt-inner-tab-2 kt-inner-tab38939a-7b\"><div class=\"kt-tab-inner-content-inner\"><style>.kb-table-container13089_830ece-6c{overflow-x:auto;}.kb-table-container .kb-table13089_830ece-6c th{padding-top:var(--global-kb-spacing-xxs, 0.5rem);padding-right:var(--global-kb-spacing-xxs, 0.5rem);padding-bottom:var(--global-kb-spacing-xxs, 0.5rem);padding-left:var(--global-kb-spacing-xxs, 0.5rem);}.kb-table-container .kb-table13089_830ece-6c td{padding-top:var(--global-kb-spacing-xxs, 0.5rem);padding-right:var(--global-kb-spacing-xxs, 0.5rem);padding-bottom:var(--global-kb-spacing-xxs, 0.5rem);padding-left:var(--global-kb-spacing-xxs, 0.5rem);}<\/style><div class=\"kb-table-container kb-table-container13089_830ece-6c wp-block-kadence-table\"><table class=\"kb-table kb-table13089_830ece-6c\">\n<tr class=\"kb-table-row kb-table-row13089_0eb647-ad\">\n<td class=\"kb-table-data kb-table-data13089_4ec586-e0\">\n<p><strong><strong>Th\u00e0nh ph\u1ea7n<\/strong><\/strong>:<\/p>\n<\/13089_4ec586-e0>\n\n<td class=\"kb-table-data kb-table-data13089_afb233-ec\">\n<p>100% Atis\u00f4 nguy\u00ean ch\u00e2\u0301t<\/p>\n<\/13089_afb233-ec>\n<\/tr>\n\n<tr class=\"kb-table-row kb-table-row13089_0be7e6-9d\">\n<td class=\"kb-table-data kb-table-data13089_fcdfb8-f5\">\n<p><strong><strong><strong><strong><strong><strong>Kh\u1ed1i l\u01b0\u1ee3ng<\/strong><\/strong><\/strong><\/strong><\/strong><\/strong>:<\/p>\n<\/13089_fcdfb8-f5>\n\n<td class=\"kb-table-data kb-table-data13089_fda035-d7\">\n<p>200 gram<\/p>\n<\/13089_fda035-d7>\n<\/tr>\n\n<tr class=\"kb-table-row kb-table-row13089_af2d11-c0\">\n<td class=\"kb-table-data kb-table-data13089_a0bfca-29\">\n<p><strong>K\u00edch th\u01b0\u1edbc s\u1ea3n ph\u1ea9m:<\/strong><\/p>\n<\/13089_a0bfca-29>\n\n<td class=\"kb-table-data kb-table-data13089_485e07-bb\">\n<p>D\u00e0i: 230mm &#8211; R\u1ed9ng: 70mm &#8211; Cao: 120mm<\/p>\n<\/13089_485e07-bb>\n<\/tr>\n\n<tr class=\"kb-table-row kb-table-row13089_cf40ea-3b\">\n<td class=\"kb-table-data kb-table-data13089_17311f-d1\">\n<p><strong>K\u00edch th\u01b0\u1edbc bao b\u00ec:<\/strong><\/p>\n<\/13089_17311f-d1>\n\n<td class=\"kb-table-data kb-table-data13089_838884-e8\">\n<p>D\u00e0i: 230mm &#8211; R\u1ed9ng: 70mm &#8211; Cao: 120mm<\/p>\n<\/13089_838884-e8>\n<\/tr>\n\n<tr class=\"kb-table-row kb-table-row13089_94e510-c5\">\n<td class=\"kb-table-data kb-table-data13089_c10bac-ff\">\n<p><strong>S\u1eed d\u1ee5ng:<\/strong><\/p>\n<\/13089_c10bac-ff>\n\n<td class=\"kb-table-data kb-table-data13089_369630-9d\">\n<p>Cho t\u00fai tr\u00e0 v\u00e0o 200ml n\u01b0\u1edbc s\u00f4i. Ch\u1edd kho\u1ea3ng 3-5 ph\u00fat l\u00e0 d\u00f9ng \u0111\u01b0\u1ee3c<\/p>\n<\/13089_369630-9d>\n<\/tr>\n<\/table><\/div><\/div><\/div>\n\n<div class=\"wp-block-kadence-tab kt-tab-inner-content kt-inner-tab-3 kt-inner-tabadb993-25\"><div class=\"kt-tab-inner-content-inner\"><style>.kb-table-container13089_1a2d76-4f{overflow-x:auto;}.kb-table-container .kb-table13089_1a2d76-4f th{padding-top:var(--global-kb-spacing-xxs, 0.5rem);padding-right:var(--global-kb-spacing-xxs, 0.5rem);padding-bottom:var(--global-kb-spacing-xxs, 0.5rem);padding-left:var(--global-kb-spacing-xxs, 0.5rem);}.kb-table-container .kb-table13089_1a2d76-4f td{padding-top:var(--global-kb-spacing-xxs, 0.5rem);padding-right:var(--global-kb-spacing-xxs, 0.5rem);padding-bottom:var(--global-kb-spacing-xxs, 0.5rem);padding-left:var(--global-kb-spacing-xxs, 0.5rem);}<\/style><div class=\"kb-table-container kb-table-container13089_1a2d76-4f wp-block-kadence-table\"><table class=\"kb-table kb-table13089_1a2d76-4f\">\n<tr class=\"kb-table-row kb-table-row13089_1b6d94-8d\">\n<td class=\"kb-table-data kb-table-data13089_b24491-89\">\n<p><strong>S\u1ea3n xu\u1ea5t b\u1ee1i:<\/strong><\/p>\n<\/13089_b24491-89>\n\n<td class=\"kb-table-data kb-table-data13089_d8c86f-e0\">\n<p>C\u00f4ng Ty C\u1ed5 Ph\u1ea7n T\u1eadp \u0110o\u00e0n \u0110\u1ea7u T\u01b0 Thu\u1eadn Vi\u1ec7t<\/p>\n<\/13089_d8c86f-e0>\n<\/tr>\n\n<tr class=\"kb-table-row kb-table-row13089_cfba6d-8b\">\n<td class=\"kb-table-data kb-table-data13089_5009ad-5a\">\n<p><strong>Xu\u1ea5t x\u1ee9:<\/strong><\/p>\n<\/13089_5009ad-5a>\n\n<td class=\"kb-table-data kb-table-data13089_bb361c-f5\">\n<p>Vi\u00ea\u0323t Nam<\/p>\n<\/13089_bb361c-f5>\n<\/tr>\n\n<tr class=\"kb-table-row kb-table-row13089_f56734-c0\">\n<td class=\"kb-table-data kb-table-data13089_618c40-4b\">\n<p><strong>Th\u01b0\u01a1ng Hi\u1ec7u:<\/strong><\/p>\n<\/13089_618c40-4b>\n\n<td class=\"kb-table-data kb-table-data13089_28fde7-a2\">\n<p>TVG<\/p>\n<\/13089_28fde7-a2>\n<\/tr>\n<\/table><\/div><\/div><\/div><\/div><\/div><\/div><\/div><\/div><\/div><\/div><\/div><\/div><\/div><\/div><\/div><\/div><\/div><\/div>\n<\/div><\/section><p><\/p><div style=\"margin: 20px 0;\"><div class=\"qrcswholewtapper\" style=\"text-align:left;\"><div class=\"qrcprowrapper\"  id=\"qrcwraa2leds\"><div class=\"qrc_canvass\" id=\"qrc_cuttenpages_2\" style=\"display:inline-block\" data-text=\"https:\/\/check-qrcode.com\/en\/6195400290\/\"><\/div><\/div><\/div><\/div>","protected":false},"excerpt":{"rendered":"","protected":false},"featured_media":13082,"template":"","meta":{"_kadence_starter_templates_imported_post":false},"product_cat":[48],"product_tag":[],"class_list":{"0":"post-13089","1":"product","2":"type-product","3":"status-publish","4":"has-post-thumbnail","6":"product_cat-thuc-pham","8":"first","9":"instock","10":"shipping-taxable","11":"product-type-simple"},"_links":{"self":[{"href":"https:\/\/check-qrcode.com\/en\/wp-json\/wp\/v2\/product\/13089","targetHints":{"allow":["GET"]}}],"collection":[{"href":"https:\/\/check-qrcode.com\/en\/wp-json\/wp\/v2\/product"}],"about":[{"href":"https:\/\/check-qrcode.com\/en\/wp-json\/wp\/v2\/types\/product"}],"version-history":[{"count":4,"href":"https:\/\/check-qrcode.com\/en\/wp-json\/wp\/v2\/product\/13089\/revisions"}],"predecessor-version":[{"id":13095,"href":"https:\/\/check-qrcode.com\/en\/wp-json\/wp\/v2\/product\/13089\/revisions\/13095"}],"wp:featuredmedia":[{"embeddable":true,"href":"https:\/\/check-qrcode.com\/en\/wp-json\/wp\/v2\/media\/13082"}],"wp:attachment":[{"href":"https:\/\/check-qrcode.com\/en\/wp-json\/wp\/v2\/media?parent=13089"}],"wp:term":[{"taxonomy":"product_cat","embeddable":true,"href":"https:\/\/check-qrcode.com\/en\/wp-json\/wp\/v2\/product_cat?post=13089"},{"taxonomy":"product_tag","embeddable":true,"href":"https:\/\/check-qrcode.com\/en\/wp-json\/wp\/v2\/product_tag?post=13089"}],"curies":[{"name":"wp","href":"https:\/\/api.w.org\/{rel}","templated":true}]}}