{"id":13081,"date":"2025-08-23T11:01:49","date_gmt":"2025-08-23T04:01:49","guid":{"rendered":"https:\/\/check-qrcode.com\/?post_type=product&#038;p=13081"},"modified":"2025-08-25T16:15:53","modified_gmt":"2025-08-25T09:15:53","slug":"6195400313","status":"publish","type":"product","link":"https:\/\/check-qrcode.com\/en\/6195400313\/","title":{"rendered":"H\u00f4\u0323p Macca s\u00e2\u0301y n\u01b0\u0301t vo\u0309 &#8211; TVG"},"content":{"rendered":"<style>.kb-row-layout-id13081_f75d4a-8a > .kt-row-column-wrap{align-content:start;}:where(.kb-row-layout-id13081_f75d4a-8a > .kt-row-column-wrap) > .wp-block-kadence-column{justify-content:start;}.kb-row-layout-id13081_f75d4a-8a > .kt-row-column-wrap{column-gap:var(--global-kb-gap-md, 2rem);row-gap:var(--global-kb-gap-md, 2rem);max-width:var(--wp--style--global--content-size);padding-top:5px;padding-bottom:5px;grid-template-columns:minmax(0, 1fr);}.kb-row-layout-id13081_f75d4a-8a > .kt-row-layout-overlay{opacity:0.30;}.kb-row-layout-id13081_f75d4a-8a .kt-row-layout-bottom-sep{height:30px;}.kb-row-layout-id13081_f75d4a-8a .kt-row-layout-bottom-sep svg{width:100%;}.kb-row-layout-id13081_f75d4a-8a .kt-row-layout-bottom-sep svg{fill:#14539a!important;}.kb-row-layout-id13081_f75d4a-8a .kt-row-layout-top-sep{height:30px;}.kb-row-layout-id13081_f75d4a-8a .kt-row-layout-top-sep svg{width:100%;}.kb-row-layout-id13081_f75d4a-8a .kt-row-layout-top-sep svg{fill:#14539a!important;}@media all and (max-width: 1024px){.kb-row-layout-id13081_f75d4a-8a > .kt-row-column-wrap{grid-template-columns:minmax(0, 1fr);}}@media all and (max-width: 1024px){.kb-row-layout-id13081_f75d4a-8a .kt-row-layout-bottom-sep{height:px;}}@media all and (max-width: 1024px){.kb-row-layout-id13081_f75d4a-8a .kt-row-layout-bottom-sep svg{width:%;}}@media all and (max-width: 767px){.kb-row-layout-id13081_f75d4a-8a > .kt-row-column-wrap{grid-template-columns:minmax(0, 1fr);}.kb-row-layout-id13081_f75d4a-8a .kt-row-layout-bottom-sep{height:px;}.kb-row-layout-id13081_f75d4a-8a .kt-row-layout-bottom-sep svg{width:%;}}<\/style><section class=\"kb-row-layout-wrap kb-row-layout-id13081_f75d4a-8a alignnone wp-block-kadence-rowlayout\"><div class=\"kt-row-column-wrap kt-has-1-columns kt-row-layout-equal kt-tab-layout-inherit kt-mobile-layout-row kt-row-valign-top kb-theme-content-width\">\n<style>.kadence-column13081_569caf-90 > .kt-inside-inner-col,.kadence-column13081_569caf-90 > .kt-inside-inner-col:before{border-top-left-radius:0px;border-top-right-radius:0px;border-bottom-right-radius:0px;border-bottom-left-radius:0px;}.kadence-column13081_569caf-90 > .kt-inside-inner-col{column-gap:var(--global-kb-gap-sm, 1rem);}.kadence-column13081_569caf-90 > .kt-inside-inner-col{flex-direction:column;}.kadence-column13081_569caf-90 > .kt-inside-inner-col > .aligncenter{width:100%;}.kadence-column13081_569caf-90 > .kt-inside-inner-col:before{opacity:0.3;}.kadence-column13081_569caf-90{position:relative;}@media all and (max-width: 1024px){.kadence-column13081_569caf-90 > .kt-inside-inner-col{flex-direction:column;}}@media all and (max-width: 767px){.kadence-column13081_569caf-90 > .kt-inside-inner-col{flex-direction:column;}}<\/style>\n<div class=\"wp-block-kadence-column kadence-column13081_569caf-90 kb-section-dir-vertical\"><div class=\"kt-inside-inner-col\"><style>.kt-accordion-id13081_89f81f-a9 .kt-accordion-inner-wrap{column-gap:var(--global-kb-gap-md, 2rem);row-gap:10px;}.kt-accordion-id13081_89f81f-a9 .kt-accordion-panel-inner{background:#fff;padding-top:19px;padding-right:19px;padding-bottom:19px;padding-left:19px;}.kt-accordion-id13081_89f81f-a9 .wp-block-kadence-pane .kt-accordion-header-wrap .kt-blocks-accordion-header{border-top:1px solid #eeeeee;border-right:1px solid #eeeeee;border-bottom:1px solid #eeeeee;border-left:2px solid #eeeeee;border-top-left-radius:0px;border-top-right-radius:0px;border-bottom-right-radius:0px;border-bottom-left-radius:0px;background:#14539a;font-size:14px;line-height:26px;color:#ffffff;padding-top:5px;padding-right:14px;padding-bottom:5px;padding-left:14px;}.kt-accordion-id13081_89f81f-a9:not( .kt-accodion-icon-style-basiccircle ):not( .kt-accodion-icon-style-xclosecircle ):not( .kt-accodion-icon-style-arrowcircle ) .kt-blocks-accordion-icon-trigger:after, .kt-accordion-id13081_89f81f-a9:not( .kt-accodion-icon-style-basiccircle ):not( .kt-accodion-icon-style-xclosecircle ):not( .kt-accodion-icon-style-arrowcircle ) .kt-blocks-accordion-icon-trigger:before{background:#ffffff;}.kt-accordion-id13081_89f81f-a9:not( .kt-accodion-icon-style-basic ):not( .kt-accodion-icon-style-xclose ):not( .kt-accodion-icon-style-arrow ) .kt-blocks-accordion-icon-trigger{background:#ffffff;}.kt-accordion-id13081_89f81f-a9:not( .kt-accodion-icon-style-basic ):not( .kt-accodion-icon-style-xclose ):not( .kt-accodion-icon-style-arrow ) .kt-blocks-accordion-icon-trigger:after, .kt-accordion-id13081_89f81f-a9:not( .kt-accodion-icon-style-basic ):not( .kt-accodion-icon-style-xclose ):not( .kt-accodion-icon-style-arrow ) .kt-blocks-accordion-icon-trigger:before{background:#14539a;}.kt-accordion-id13081_89f81f-a9 .kt-accordion-header-wrap .kt-blocks-accordion-header:hover, body:not(.hide-focus-outline) .kt-accordion-id13081_89f81f-a9 .kt-accordion-header-wrap .kt-blocks-accordion-header:focus-visible{color:#ffffff;background:#00ad1d;border-top:1px solid #d4d4d4;border-right:1px solid #d4d4d4;border-bottom:1px solid #d4d4d4;border-left:2px solid #d4d4d4;}.kt-accordion-id13081_89f81f-a9:not( .kt-accodion-icon-style-basiccircle ):not( .kt-accodion-icon-style-xclosecircle ):not( .kt-accodion-icon-style-arrowcircle ) .kt-blocks-accordion-header:hover .kt-blocks-accordion-icon-trigger:after, .kt-accordion-id13081_89f81f-a9:not( .kt-accodion-icon-style-basiccircle ):not( .kt-accodion-icon-style-xclosecircle ):not( .kt-accodion-icon-style-arrowcircle ) .kt-blocks-accordion-header:hover .kt-blocks-accordion-icon-trigger:before, body:not(.hide-focus-outline) .kt-accordion-id13081_89f81f-a9:not( .kt-accodion-icon-style-basiccircle ):not( .kt-accodion-icon-style-xclosecircle ):not( .kt-accodion-icon-style-arrowcircle ) .kt-blocks-accordion--visible .kt-blocks-accordion-icon-trigger:after, body:not(.hide-focus-outline) .kt-accordion-id13081_89f81f-a9:not( .kt-accodion-icon-style-basiccircle ):not( .kt-accodion-icon-style-xclosecircle ):not( .kt-accodion-icon-style-arrowcircle ) .kt-blocks-accordion-header:focus-visible .kt-blocks-accordion-icon-trigger:before{background:#ffffff;}.kt-accordion-id13081_89f81f-a9:not( .kt-accodion-icon-style-basic ):not( .kt-accodion-icon-style-xclose ):not( .kt-accodion-icon-style-arrow ) .kt-blocks-accordion-header:hover .kt-blocks-accordion-icon-trigger, body:not(.hide-focus-outline) .kt-accordion-id13081_89f81f-a9:not( .kt-accodion-icon-style-basic ):not( .kt-accodion-icon-style-xclose ):not( .kt-accodion-icon-style-arrow ) .kt-blocks-accordion-header:focus-visible .kt-blocks-accordion-icon-trigger{background:#ffffff;}.kt-accordion-id13081_89f81f-a9:not( .kt-accodion-icon-style-basic ):not( .kt-accodion-icon-style-xclose ):not( .kt-accodion-icon-style-arrow ) .kt-blocks-accordion-header:hover .kt-blocks-accordion-icon-trigger:after, .kt-accordion-id13081_89f81f-a9:not( .kt-accodion-icon-style-basic ):not( .kt-accodion-icon-style-xclose ):not( .kt-accodion-icon-style-arrow ) .kt-blocks-accordion-header:hover .kt-blocks-accordion-icon-trigger:before, body:not(.hide-focus-outline) .kt-accordion-id13081_89f81f-a9:not( .kt-accodion-icon-style-basic ):not( .kt-accodion-icon-style-xclose ):not( .kt-accodion-icon-style-arrow ) .kt-blocks-accordion-header:focus-visible .kt-blocks-accordion-icon-trigger:after, body:not(.hide-focus-outline) .kt-accordion-id13081_89f81f-a9:not( .kt-accodion-icon-style-basic ):not( .kt-accodion-icon-style-xclose ):not( .kt-accodion-icon-style-arrow ) .kt-blocks-accordion-header:focus-visible .kt-blocks-accordion-icon-trigger:before{background:#00ad1d;}.kt-accordion-id13081_89f81f-a9 .kt-accordion-header-wrap .kt-blocks-accordion-header:focus-visible, .kt-accordion-id13081_89f81f-a9 .kt-accordion-header-wrap .kt-blocks-accordion-header.kt-accordion-panel-active{color:#ffffff;background:#00ad1d;border-top:1px solid #eee;border-right:1px solid #eee;border-bottom:1px solid #eee;border-left:2px solid #0e9cd1;}.kt-accordion-id13081_89f81f-a9:not( .kt-accodion-icon-style-basiccircle ):not( .kt-accodion-icon-style-xclosecircle ):not( .kt-accodion-icon-style-arrowcircle ) .kt-blocks-accordion-header.kt-accordion-panel-active .kt-blocks-accordion-icon-trigger:after, .kt-accordion-id13081_89f81f-a9:not( .kt-accodion-icon-style-basiccircle ):not( .kt-accodion-icon-style-xclosecircle ):not( .kt-accodion-icon-style-arrowcircle ) .kt-blocks-accordion-header.kt-accordion-panel-active .kt-blocks-accordion-icon-trigger:before{background:#ffffff;}.kt-accordion-id13081_89f81f-a9:not( .kt-accodion-icon-style-basic ):not( .kt-accodion-icon-style-xclose ):not( .kt-accodion-icon-style-arrow ) .kt-blocks-accordion-header.kt-accordion-panel-active .kt-blocks-accordion-icon-trigger{background:#ffffff;}.kt-accordion-id13081_89f81f-a9:not( .kt-accodion-icon-style-basic ):not( .kt-accodion-icon-style-xclose ):not( .kt-accodion-icon-style-arrow ) .kt-blocks-accordion-header.kt-accordion-panel-active .kt-blocks-accordion-icon-trigger:after, .kt-accordion-id13081_89f81f-a9:not( .kt-accodion-icon-style-basic ):not( .kt-accodion-icon-style-xclose ):not( .kt-accodion-icon-style-arrow ) .kt-blocks-accordion-header.kt-accordion-panel-active .kt-blocks-accordion-icon-trigger:before{background:#00ad1d;}@media all and (max-width: 1024px){.kt-accordion-id13081_89f81f-a9 .wp-block-kadence-pane .kt-accordion-header-wrap .kt-blocks-accordion-header{border-top:1px solid #eeeeee;border-right:1px solid #eeeeee;border-bottom:1px solid #eeeeee;border-left:2px solid #eeeeee;}}@media all and (max-width: 1024px){.kt-accordion-id13081_89f81f-a9 .kt-accordion-header-wrap .kt-blocks-accordion-header:hover, body:not(.hide-focus-outline) .kt-accordion-id13081_89f81f-a9 .kt-accordion-header-wrap .kt-blocks-accordion-header:focus-visible{border-top:1px solid #d4d4d4;border-right:1px solid #d4d4d4;border-bottom:1px solid #d4d4d4;border-left:2px solid #d4d4d4;}}@media all and (max-width: 1024px){.kt-accordion-id13081_89f81f-a9 .kt-accordion-header-wrap .kt-blocks-accordion-header:focus-visible, .kt-accordion-id13081_89f81f-a9 .kt-accordion-header-wrap .kt-blocks-accordion-header.kt-accordion-panel-active{border-top:1px solid #eee;border-right:1px solid #eee;border-bottom:1px solid #eee;border-left:2px solid #0e9cd1;}}@media all and (max-width: 767px){.kt-accordion-id13081_89f81f-a9 .kt-accordion-inner-wrap{display:block;}.kt-accordion-id13081_89f81f-a9 .kt-accordion-inner-wrap .kt-accordion-pane:not(:first-child){margin-top:10px;}.kt-accordion-id13081_89f81f-a9 .wp-block-kadence-pane .kt-accordion-header-wrap .kt-blocks-accordion-header{border-top:1px solid #eeeeee;border-right:1px solid #eeeeee;border-bottom:1px solid #eeeeee;border-left:2px solid #eeeeee;}.kt-accordion-id13081_89f81f-a9 .kt-accordion-header-wrap .kt-blocks-accordion-header:hover, body:not(.hide-focus-outline) .kt-accordion-id13081_89f81f-a9 .kt-accordion-header-wrap .kt-blocks-accordion-header:focus-visible{border-top:1px solid #d4d4d4;border-right:1px solid #d4d4d4;border-bottom:1px solid #d4d4d4;border-left:2px solid #d4d4d4;}.kt-accordion-id13081_89f81f-a9 .kt-accordion-header-wrap .kt-blocks-accordion-header:focus-visible, .kt-accordion-id13081_89f81f-a9 .kt-accordion-header-wrap .kt-blocks-accordion-header.kt-accordion-panel-active{border-top:1px solid #eee;border-right:1px solid #eee;border-bottom:1px solid #eee;border-left:2px solid #0e9cd1;}}<\/style>\n<div class=\"wp-block-kadence-accordion alignnone\"><div class=\"kt-accordion-wrap kt-accordion-id13081_89f81f-a9 kt-accordion-has-17-panes kt-active-pane-0 kt-accordion-block kt-pane-header-alignment-left kt-accodion-icon-style-arrowcircle kt-accodion-icon-side-right\" style=\"max-width:none\"><div class=\"kt-accordion-inner-wrap\" data-allow-multiple-open=\"false\" data-start-open=\"none\"><div class=\"wp-block-kadence-pane kt-accordion-pane kt-accordion-pane-16 kt-pane13081_bece73-f4\"><div class=\"kt-accordion-header-wrap\"><button class=\"kt-blocks-accordion-header kt-acccordion-button-label-show\" type=\"button\"><span class=\"kt-blocks-accordion-title-wrap\"><span class=\"kt-blocks-accordion-title\"><strong>GI\u1edaI THI\u1ec6U S\u1ea2N PH\u1ea8M<\/strong><\/span><\/span><span class=\"kt-blocks-accordion-icon-trigger\"><\/span><\/button><\/div><div class=\"kt-accordion-panel kt-accordion-panel-hidden\"><div class=\"kt-accordion-panel-inner\"><div class=\"wp-block-group\"><div class=\"wp-block-group__inner-container is-layout-flow wp-block-group-is-layout-flow\"><p><strong>THA\u0300NH PH\u00c2\u0300N:<br \/><\/strong>&#8211; 100% ha\u0323t Macca<\/p>\n<p><strong>H\u01af\u01a0NG VI\u0323:<\/strong><br \/>&#8211; Gi\u00f2n, th\u01a1m \u0111\u1eb7c tr\u01b0ng, v\u1ecb b\u00e9o, ng\u1ecdt b\u00f9i.<\/p>\n<p><strong>C\u00c1CH D\u00d9NG:<\/strong><\/p>\n<p>&#8211; D\u00f9ng ngay kh\u00f4ng qua ch\u1ebf bi\u1ebfn, \u0103n k\u00e8m ng\u0169 c\u1ed1c, l\u00e0m s\u1eefa h\u1ea1t, l\u00e0m b\u00e1nh,&#8230;<\/p>\n<p><strong>CA\u0301CH BA\u0309O QUA\u0309N:<br \/><\/strong>&#8211; B\u1ea3o qu\u1ea3n n\u01a1i kh\u00f4 r\u00e1o tho\u00e1ng m\u00e1t, tr\u00e1nh \u00e1nh n\u1eafng tr\u1ef1c ti\u1ebfp.<\/p>\n<\/p>\n\n<p><\/p><\/div><\/div><\/div><\/div><\/div>\n\n<div class=\"wp-block-kadence-pane kt-accordion-pane kt-accordion-pane-14 kt-pane13081_5b06a8-d5\"><div class=\"kt-accordion-header-wrap\"><button class=\"kt-blocks-accordion-header kt-acccordion-button-label-show\" type=\"button\"><span class=\"kt-blocks-accordion-title-wrap\"><span class=\"kt-blocks-accordion-title\"><strong>TH\u00d4NG S\u1ed0 K\u1ef8 THU\u1eacT<\/strong><\/span><\/span><span class=\"kt-blocks-accordion-icon-trigger\"><\/span><\/button><\/div><div class=\"kt-accordion-panel kt-accordion-panel-hidden\"><div class=\"kt-accordion-panel-inner\"><div class=\"wp-block-group\"><div class=\"wp-block-group__inner-container is-layout-flow wp-block-group-is-layout-flow\"><div class=\"wp-block-group\"><div class=\"wp-block-group__inner-container is-layout-flow wp-block-group-is-layout-flow\"><style>.kt-tabs-id13081_568439-8f > .kt-tabs-content-wrap > .wp-block-kadence-tab{border-top:3px solid #00ad1d;border-right:0px solid #00ad1d;border-bottom:0px solid #00ad1d;border-left:0px solid #00ad1d;border-top-left-radius:0px;border-top-right-radius:0px;border-bottom-right-radius:0px;border-bottom-left-radius:0px;padding-top:1px;padding-right:1px;padding-bottom:1px;padding-left:1px;background:#ffffff;}.wp-block-kadence-tabs .kt-tabs-id13081_568439-8f > .kt-tabs-title-list li{margin-top:0px;margin-right:8px;margin-bottom:0px;margin-left:0px;}.wp-block-kadence-tabs .kt-tabs-id13081_568439-8f > .kt-tabs-title-list li:last-child{margin-right:0px;}.wp-block-kadence-tabs .kt-tabs-id13081_568439-8f > .kt-tabs-title-list li .kt-tab-title, .wp-block-kadence-tabs .kt-tabs-id13081_568439-8f > .kt-tabs-content-wrap > .kt-tabs-accordion-title .kt-tab-title{line-height:1em;font-weight:regular;font-style:normal;border-top-width:0px;border-right-width:0px;border-bottom-width:0px;border-left-width:0px;border-top-left-radius:4px;border-top-right-radius:4px;border-bottom-right-radius:0px;border-bottom-left-radius:0px;padding-top:8px;padding-right:20px;padding-bottom:8px;padding-left:20px;border-color:#eeeeee;color:#222222;background:#eeeeee;}.wp-block-kadence-tabs .kt-tabs-id13081_568439-8f > .kt-tabs-content-wrap > .kt-tabs-accordion-title .kt-tab-title{margin-top:0px;margin-right:8px;margin-bottom:0px;margin-left:0px;}.wp-block-kadence-tabs .kt-tabs-id13081_568439-8f > .kt-tabs-title-list li .kt-tab-title:hover, .wp-block-kadence-tabs .kt-tabs-id13081_568439-8f > .kt-tabs-content-wrap > .kt-tabs-accordion-title .kt-tab-title:hover{border-color:#eeeeee;color:#ffffff;background:#00ad1d;}.wp-block-kadence-tabs .kt-tabs-id13081_568439-8f > .kt-tabs-title-list li.kt-tab-title-active .kt-tab-title, .wp-block-kadence-tabs .kt-tabs-id13081_568439-8f > .kt-tabs-content-wrap > .kt-tabs-accordion-title.kt-tab-title-active .kt-tab-title{border-color:#eeeeee;color:#ffffff;background:#00ad1d;}@media all and (max-width: 1024px){.kt-tabs-id13081_568439-8f > .kt-tabs-content-wrap > .wp-block-kadence-tab{border-top:3px solid #00ad1d;border-right:0px solid #00ad1d;border-bottom:0px solid #00ad1d;border-left:0px solid #00ad1d;}}@media all and (max-width: 767px){.kt-tabs-id13081_568439-8f > .kt-tabs-content-wrap > .wp-block-kadence-tab{border-top:3px solid #00ad1d;border-right:0px solid #00ad1d;border-bottom:0px solid #00ad1d;border-left:0px solid #00ad1d;}}<\/style>\n<div class=\"wp-block-kadence-tabs alignnone\"><div class=\"kt-tabs-wrap kt-tabs-id13081_568439-8f kt-tabs-has-3-tabs kt-active-tab-2 kt-tabs-layout-tabs kt-tabs-tablet-layout-inherit kt-tabs-mobile-layout-accordion kt-tab-alignment-left kt-create-accordion\"><ul class=\"kt-tabs-title-list\"><li id=\"tab-thngtinsnphm\" class=\"kt-title-item kt-title-item-1 kt-tabs-svg-show-always kt-tabs-icon-side-right kt-tab-title-inactive\"><a href=\"#tab-thngtinsnphm\" data-tab=\"1\" class=\"kt-tab-title kt-tab-title-1\"><span class=\"kt-title-text\">TH\u00d4NG TIN S\u1ea2N PH\u1ea8M<\/span><\/a><\/li><li id=\"tab-thanhphndinhdng\" class=\"kt-title-item kt-title-item-2 kt-tabs-svg-show-always kt-tabs-icon-side-right kt-tab-title-active\"><a href=\"#tab-thanhphndinhdng\" data-tab=\"2\" class=\"kt-tab-title kt-tab-title-2\"><span class=\"kt-title-text\">THA\u0300NH PH\u00c2\u0300N DINH D\u01af\u01a0\u0303NG<\/span><\/a><\/li><li id=\"tab-xutx\" class=\"kt-title-item kt-title-item-3 kt-tabs-svg-show-always kt-tabs-icon-side-right kt-tab-title-inactive\"><a href=\"#tab-xutx\" data-tab=\"3\" class=\"kt-tab-title kt-tab-title-3\"><span class=\"kt-title-text\">XU\u1ea4T X\u1ee8<\/span><\/a><\/li><\/ul><div class=\"kt-tabs-content-wrap\"><div class=\"wp-block-kadence-tab kt-tab-inner-content kt-inner-tab-1 kt-inner-tabca4784-40\"><div class=\"kt-tab-inner-content-inner\"><style>.kb-table-container13081_956912-cc{overflow-x:auto;}.kb-table-container .kb-table13081_956912-cc th{padding-top:var(--global-kb-spacing-xxs, 0.5rem);padding-right:var(--global-kb-spacing-xxs, 0.5rem);padding-bottom:var(--global-kb-spacing-xxs, 0.5rem);padding-left:var(--global-kb-spacing-xxs, 0.5rem);}.kb-table-container .kb-table13081_956912-cc td{padding-top:var(--global-kb-spacing-xxs, 0.5rem);padding-right:var(--global-kb-spacing-xxs, 0.5rem);padding-bottom:var(--global-kb-spacing-xxs, 0.5rem);padding-left:var(--global-kb-spacing-xxs, 0.5rem);}<\/style><div class=\"kb-table-container kb-table-container13081_956912-cc wp-block-kadence-table\"><table class=\"kb-table kb-table13081_956912-cc\">\n<tr class=\"kb-table-row kb-table-row13081_8bceaf-61\">\n<td class=\"kb-table-data kb-table-data13081_ebfa6a-96\">\n<p><strong>Lo\u1ea1i s\u1ea3n ph\u1ea9m<\/strong>:<\/p>\n<\/13081_ebfa6a-96>\n\n<td class=\"kb-table-data kb-table-data13081_6e0d95-bf\">\n<p>Ha\u0323t Macca s\u00e2\u0301y n\u01b0\u0301t vo\u0309<\/p>\n<\/13081_6e0d95-bf>\n<\/tr>\n\n<tr class=\"kb-table-row kb-table-row13081_f0ddbb-14\">\n<td class=\"kb-table-data kb-table-data13081_8c597a-ec\">\n<p><strong>M\u00e3 s\u1ea3n ph\u1ea9m<\/strong>:<\/p>\n<\/13081_8c597a-ec>\n\n<td class=\"kb-table-data kb-table-data13081_e98386-1f\">\n<p>6195400313<\/p>\n<\/13081_e98386-1f>\n<\/tr>\n<\/table><\/div><\/div><\/div>\n\n<div class=\"wp-block-kadence-tab kt-tab-inner-content kt-inner-tab-2 kt-inner-tab38939a-7b\"><div class=\"kt-tab-inner-content-inner\"><style>.kb-table-container13081_0a0b4f-b4{overflow-x:auto;}.kb-table-container .kb-table13081_0a0b4f-b4 th{padding-top:var(--global-kb-spacing-xxs, 0.5rem);padding-right:var(--global-kb-spacing-xxs, 0.5rem);padding-bottom:var(--global-kb-spacing-xxs, 0.5rem);padding-left:var(--global-kb-spacing-xxs, 0.5rem);}.kb-table-container .kb-table13081_0a0b4f-b4 td{padding-top:var(--global-kb-spacing-xxs, 0.5rem);padding-right:var(--global-kb-spacing-xxs, 0.5rem);padding-bottom:var(--global-kb-spacing-xxs, 0.5rem);padding-left:var(--global-kb-spacing-xxs, 0.5rem);}<\/style><div class=\"kb-table-container kb-table-container13081_0a0b4f-b4 wp-block-kadence-table\"><table class=\"kb-table kb-table13081_0a0b4f-b4\">\n<tr class=\"kb-table-row kb-table-row13081_34037b-56\">\n<td class=\"kb-table-data kb-table-data13081_9d8a97-1c\">\n<p><strong><strong>Th\u00e0nh ph\u1ea7n<\/strong><\/strong>:<\/p>\n<\/13081_9d8a97-1c>\n\n<td class=\"kb-table-data kb-table-data13081_8ace4c-e1\">\n<p>100% ha\u0323t Macca<\/p>\n<\/13081_8ace4c-e1>\n<\/tr>\n\n<tr class=\"kb-table-row kb-table-row13081_d8f581-10\">\n<td class=\"kb-table-data kb-table-data13081_18dddf-10\">\n<p><strong><strong><strong><strong><strong><strong>Kh\u1ed1i l\u01b0\u1ee3ng<\/strong><\/strong><\/strong><\/strong><\/strong><\/strong>:<\/p>\n<\/13081_18dddf-10>\n\n<td class=\"kb-table-data kb-table-data13081_30702a-ad\">\n<p>500 gram<\/p>\n<\/13081_30702a-ad>\n<\/tr>\n\n<tr class=\"kb-table-row kb-table-row13081_4bbe28-1d\">\n<td class=\"kb-table-data kb-table-data13081_20278e-1d\">\n<p><strong>K\u00edch th\u01b0\u1edbc s\u1ea3n ph\u1ea9m:<\/strong><\/p>\n<\/13081_20278e-1d>\n\n<td class=\"kb-table-data kb-table-data13081_8545db-43\">\n<p>D\u00e0i: 150mm &#8211; R\u1ed9ng: 80mm &#8211; Cao: 250mm<\/p>\n<\/13081_8545db-43>\n<\/tr>\n\n<tr class=\"kb-table-row kb-table-row13081_9c30a2-18\">\n<td class=\"kb-table-data kb-table-data13081_9e0c35-48\">\n<p><strong>K\u00edch th\u01b0\u1edbc bao b\u00ec:<\/strong><\/p>\n<\/13081_9e0c35-48>\n\n<td class=\"kb-table-data kb-table-data13081_fd1ddd-fb\">\n<p>D\u00e0i: 150mm &#8211; R\u1ed9ng: 80mm &#8211; Cao: 250mm<\/p>\n<\/13081_fd1ddd-fb>\n<\/tr>\n\n<tr class=\"kb-table-row kb-table-row13081_6c1bbc-ef\">\n<td class=\"kb-table-data kb-table-data13081_6b16c5-56\">\n<p><strong>S\u1eed d\u1ee5ng:<\/strong><\/p>\n<\/13081_6b16c5-56>\n\n<td class=\"kb-table-data kb-table-data13081_0a622c-b9\">\n<p>D\u00f9ng ngay kh\u00f4ng qua ch\u1ebf bi\u1ebfn, \u0103n k\u00e8m ng\u0169 c\u1ed1c, l\u00e0m s\u1eefa h\u1ea1t, l\u00e0m b\u00e1nh,\u2026<\/p>\n<\/13081_0a622c-b9>\n<\/tr>\n<\/table><\/div><\/div><\/div>\n\n<div class=\"wp-block-kadence-tab kt-tab-inner-content kt-inner-tab-3 kt-inner-tabadb993-25\"><div class=\"kt-tab-inner-content-inner\"><style>.kb-table-container13081_837ba8-a5{overflow-x:auto;}.kb-table-container .kb-table13081_837ba8-a5 th{padding-top:var(--global-kb-spacing-xxs, 0.5rem);padding-right:var(--global-kb-spacing-xxs, 0.5rem);padding-bottom:var(--global-kb-spacing-xxs, 0.5rem);padding-left:var(--global-kb-spacing-xxs, 0.5rem);}.kb-table-container .kb-table13081_837ba8-a5 td{padding-top:var(--global-kb-spacing-xxs, 0.5rem);padding-right:var(--global-kb-spacing-xxs, 0.5rem);padding-bottom:var(--global-kb-spacing-xxs, 0.5rem);padding-left:var(--global-kb-spacing-xxs, 0.5rem);}<\/style><div class=\"kb-table-container kb-table-container13081_837ba8-a5 wp-block-kadence-table\"><table class=\"kb-table kb-table13081_837ba8-a5\">\n<tr class=\"kb-table-row kb-table-row13081_3f8024-49\">\n<td class=\"kb-table-data kb-table-data13081_26f0fa-ad\">\n<p><strong>S\u1ea3n xu\u1ea5t b\u1ee1i:<\/strong><\/p>\n<\/13081_26f0fa-ad>\n\n<td class=\"kb-table-data kb-table-data13081_ac1f9d-7f\">\n<p>C\u00f4ng Ty C\u1ed5 Ph\u1ea7n T\u1eadp \u0110o\u00e0n \u0110\u1ea7u T\u01b0 Thu\u1eadn Vi\u1ec7t<\/p>\n<\/13081_ac1f9d-7f>\n<\/tr>\n\n<tr class=\"kb-table-row kb-table-row13081_0dca46-9e\">\n<td class=\"kb-table-data kb-table-data13081_c4083b-be\">\n<p><strong>Xu\u1ea5t x\u1ee9:<\/strong><\/p>\n<\/13081_c4083b-be>\n\n<td class=\"kb-table-data kb-table-data13081_c00311-83\">\n<p>Vi\u00ea\u0323t Nam<\/p>\n<\/13081_c00311-83>\n<\/tr>\n\n<tr class=\"kb-table-row kb-table-row13081_eb5a6a-d9\">\n<td class=\"kb-table-data kb-table-data13081_9fe42b-38\">\n<p><strong>Th\u01b0\u01a1ng Hi\u1ec7u:<\/strong><\/p>\n<\/13081_9fe42b-38>\n\n<td class=\"kb-table-data kb-table-data13081_89d03d-9b\">\n<p>TVG<\/p>\n<\/13081_89d03d-9b>\n<\/tr>\n<\/table><\/div><\/div><\/div><\/div><\/div><\/div><\/div><\/div><\/div><\/div><\/div><\/div><\/div><\/div><\/div><\/div><\/div><\/div>\n<\/div><\/section><p><\/p><div style=\"margin: 20px 0;\"><div class=\"qrcswholewtapper\" style=\"text-align:left;\"><div class=\"qrcprowrapper\"  id=\"qrcwraa2leds\"><div class=\"qrc_canvass\" id=\"qrc_cuttenpages_2\" style=\"display:inline-block\" data-text=\"https:\/\/check-qrcode.com\/en\/6195400313\/\"><\/div><\/div><\/div><\/div>","protected":false},"excerpt":{"rendered":"","protected":false},"featured_media":13084,"template":"","meta":{"_kadence_starter_templates_imported_post":false},"product_cat":[48],"product_tag":[],"class_list":{"0":"post-13081","1":"product","2":"type-product","3":"status-publish","4":"has-post-thumbnail","6":"product_cat-thuc-pham","8":"first","9":"instock","10":"shipping-taxable","11":"product-type-simple"},"_links":{"self":[{"href":"https:\/\/check-qrcode.com\/en\/wp-json\/wp\/v2\/product\/13081","targetHints":{"allow":["GET"]}}],"collection":[{"href":"https:\/\/check-qrcode.com\/en\/wp-json\/wp\/v2\/product"}],"about":[{"href":"https:\/\/check-qrcode.com\/en\/wp-json\/wp\/v2\/types\/product"}],"version-history":[{"count":2,"href":"https:\/\/check-qrcode.com\/en\/wp-json\/wp\/v2\/product\/13081\/revisions"}],"predecessor-version":[{"id":13096,"href":"https:\/\/check-qrcode.com\/en\/wp-json\/wp\/v2\/product\/13081\/revisions\/13096"}],"wp:featuredmedia":[{"embeddable":true,"href":"https:\/\/check-qrcode.com\/en\/wp-json\/wp\/v2\/media\/13084"}],"wp:attachment":[{"href":"https:\/\/check-qrcode.com\/en\/wp-json\/wp\/v2\/media?parent=13081"}],"wp:term":[{"taxonomy":"product_cat","embeddable":true,"href":"https:\/\/check-qrcode.com\/en\/wp-json\/wp\/v2\/product_cat?post=13081"},{"taxonomy":"product_tag","embeddable":true,"href":"https:\/\/check-qrcode.com\/en\/wp-json\/wp\/v2\/product_tag?post=13081"}],"curies":[{"name":"wp","href":"https:\/\/api.w.org\/{rel}","templated":true}]}}