{"id":12912,"date":"2022-12-13T12:04:05","date_gmt":"2022-12-13T05:04:05","guid":{"rendered":"https:\/\/check-qrcode.com\/?post_type=product&#038;p=12912"},"modified":"2022-12-13T12:47:20","modified_gmt":"2022-12-13T05:47:20","slug":"6195400238","status":"publish","type":"product","link":"https:\/\/check-qrcode.com\/en\/6195400238\/","title":{"rendered":"Van gas c\u00f3 kho\u00e1 t\u1ef1 \u0111\u1ed9ng TVG-LASTING-5"},"content":{"rendered":"<style>#kt-layout-id_c021bd-ae > .kt-row-column-wrap{align-content:start;}:where(#kt-layout-id_c021bd-ae > .kt-row-column-wrap) > .wp-block-kadence-column{justify-content:start;}#kt-layout-id_c021bd-ae > .kt-row-column-wrap{column-gap:var(--global-kb-gap-md, 2rem);row-gap:var(--global-kb-gap-md, 2rem);max-width:var(--wp--style--global--content-size);padding-top:var( --global-kb-row-default-top, 25px );padding-bottom:var( --global-kb-row-default-bottom, 25px );padding-top:5px;padding-bottom:5px;grid-template-columns:minmax(0, 1fr);}#kt-layout-id_c021bd-ae > .kt-row-layout-overlay{opacity:0.30;}#kt-layout-id_c021bd-ae .kt-row-layout-bottom-sep{height:30px;}#kt-layout-id_c021bd-ae .kt-row-layout-bottom-sep svg{width:100%;}#kt-layout-id_c021bd-ae .kt-row-layout-bottom-sep svg{fill:#14539a!important;}#kt-layout-id_c021bd-ae .kt-row-layout-top-sep{height:30px;}#kt-layout-id_c021bd-ae .kt-row-layout-top-sep svg{width:100%;}#kt-layout-id_c021bd-ae .kt-row-layout-top-sep svg{fill:#14539a!important;}@media all and (max-width: 1024px){#kt-layout-id_c021bd-ae > .kt-row-column-wrap{grid-template-columns:minmax(0, 1fr);}}@media all and (max-width: 1024px){#kt-layout-id_c021bd-ae .kt-row-layout-bottom-sep{height:px;}}@media all and (max-width: 1024px){#kt-layout-id_c021bd-ae .kt-row-layout-bottom-sep svg{width:%;}}@media all and (max-width: 767px){#kt-layout-id_c021bd-ae > .kt-row-column-wrap{grid-template-columns:minmax(0, 1fr);}#kt-layout-id_c021bd-ae .kt-row-layout-bottom-sep{height:px;}#kt-layout-id_c021bd-ae .kt-row-layout-bottom-sep svg{width:%;}}<\/style>\n<section class=\"wp-block-kadence-rowlayout alignnone\"><div id=\"kt-layout-id_c021bd-ae\" class=\"kt-row-layout-inner kt-layout-id_c021bd-ae\"><div class=\"kt-row-column-wrap kt-has-1-columns kt-gutter-default kt-v-gutter-default kt-row-valign-top kt-row-layout-equal kt-tab-layout-inherit kt-m-colapse-left-to-right kt-mobile-layout-row kb-theme-content-width\"><style>.kadence-column_ee8a44-24 > .kt-inside-inner-col{border-top-width:0px;border-right-width:0px;border-bottom-width:0px;border-left-width:0px;}.kadence-column_ee8a44-24 > .kt-inside-inner-col,.kadence-column_ee8a44-24 > .kt-inside-inner-col:before{border-top-left-radius:0px;border-top-right-radius:0px;border-bottom-right-radius:0px;border-bottom-left-radius:0px;}.kadence-column_ee8a44-24 > .kt-inside-inner-col{column-gap:var(--global-kb-gap-sm, 1rem);}.kadence-column_ee8a44-24 > .kt-inside-inner-col{flex-direction:column;}.kadence-column_ee8a44-24 > .kt-inside-inner-col > .aligncenter{width:100%;}.kadence-column_ee8a44-24 > .kt-inside-inner-col:before{opacity:0.3;}.kadence-column_ee8a44-24{position:relative;}@media all and (max-width: 1024px){.kadence-column_ee8a44-24 > .kt-inside-inner-col{flex-direction:column;}}@media all and (max-width: 767px){.kadence-column_ee8a44-24 > .kt-inside-inner-col{flex-direction:column;}}<\/style>\n<div class=\"wp-block-kadence-column inner-column-1 kadence-column_ee8a44-24 kb-section-dir-vertical\"><div class=\"kt-inside-inner-col\"><style>.kt-accordion-id_416a76-cf .kt-accordion-inner-wrap{column-gap:var(--global-kb-gap-md, 2rem);row-gap:10px;}.kt-accordion-id_416a76-cf .kt-accordion-panel-inner{background:#fff;padding-top:19px;padding-right:19px;padding-bottom:19px;padding-left:19px;}.kt-accordion-id_416a76-cf .wp-block-kadence-pane .kt-accordion-header-wrap .kt-blocks-accordion-header{border-top-color:#eeeeee;border-right-color:#eeeeee;border-bottom-color:#eeeeee;border-left-color:#eeeeee;border-top-width:1px;border-right-width:1px;border-bottom-width:1px;border-left-width:2px;border-top-left-radius:0px;border-top-right-radius:0px;border-bottom-right-radius:0px;border-bottom-left-radius:0px;background:#14539a;font-size:14px;line-height:26px;color:#ffffff;padding-top:5px;padding-right:14px;padding-bottom:5px;padding-left:14px;}.kt-accordion-id_416a76-cf:not( .kt-accodion-icon-style-basiccircle ):not( .kt-accodion-icon-style-xclosecircle ):not( .kt-accodion-icon-style-arrowcircle ) .kt-blocks-accordion-icon-trigger:after, .kt-accordion-id_416a76-cf:not( .kt-accodion-icon-style-basiccircle ):not( .kt-accodion-icon-style-xclosecircle ):not( .kt-accodion-icon-style-arrowcircle ) .kt-blocks-accordion-icon-trigger:before{background:#ffffff;}.kt-accordion-id_416a76-cf:not( .kt-accodion-icon-style-basic ):not( .kt-accodion-icon-style-xclose ):not( .kt-accodion-icon-style-arrow ) .kt-blocks-accordion-icon-trigger{background:#ffffff;}.kt-accordion-id_416a76-cf:not( .kt-accodion-icon-style-basic ):not( .kt-accodion-icon-style-xclose ):not( .kt-accodion-icon-style-arrow ) .kt-blocks-accordion-icon-trigger:after, .kt-accordion-id_416a76-cf:not( .kt-accodion-icon-style-basic ):not( .kt-accodion-icon-style-xclose ):not( .kt-accodion-icon-style-arrow ) .kt-blocks-accordion-icon-trigger:before{background:#14539a;}.kt-accordion-id_416a76-cf .kt-accordion-header-wrap .kt-blocks-accordion-header:hover, body:not(.hide-focus-outline) .kt-accordion-id_416a76-cf .kt-accordion-header-wrap .kt-blocks-accordion-header:focus-visible{color:#ffffff;background:#00ad1d;border-top-color:#d4d4d4;border-right-color:#d4d4d4;border-bottom-color:#d4d4d4;border-left-color:#d4d4d4;}.kt-accordion-id_416a76-cf:not( .kt-accodion-icon-style-basiccircle ):not( .kt-accodion-icon-style-xclosecircle ):not( .kt-accodion-icon-style-arrowcircle ) .kt-blocks-accordion-header:hover .kt-blocks-accordion-icon-trigger:after, .kt-accordion-id_416a76-cf:not( .kt-accodion-icon-style-basiccircle ):not( .kt-accodion-icon-style-xclosecircle ):not( .kt-accodion-icon-style-arrowcircle ) .kt-blocks-accordion-header:hover .kt-blocks-accordion-icon-trigger:before, body:not(.hide-focus-outline) .kt-accordion-id_416a76-cf:not( .kt-accodion-icon-style-basiccircle ):not( .kt-accodion-icon-style-xclosecircle ):not( .kt-accodion-icon-style-arrowcircle ) .kt-blocks-accordion--visible .kt-blocks-accordion-icon-trigger:after, body:not(.hide-focus-outline) .kt-accordion-id_416a76-cf:not( .kt-accodion-icon-style-basiccircle ):not( .kt-accodion-icon-style-xclosecircle ):not( .kt-accodion-icon-style-arrowcircle ) .kt-blocks-accordion-header:focus-visible .kt-blocks-accordion-icon-trigger:before{background:#ffffff;}.kt-accordion-id_416a76-cf:not( .kt-accodion-icon-style-basic ):not( .kt-accodion-icon-style-xclose ):not( .kt-accodion-icon-style-arrow ) .kt-blocks-accordion-header:hover .kt-blocks-accordion-icon-trigger, body:not(.hide-focus-outline) .kt-accordion-id_416a76-cf:not( .kt-accodion-icon-style-basic ):not( .kt-accodion-icon-style-xclose ):not( .kt-accodion-icon-style-arrow ) .kt-blocks-accordion-header:focus-visible .kt-blocks-accordion-icon-trigger{background:#ffffff;}.kt-accordion-id_416a76-cf:not( .kt-accodion-icon-style-basic ):not( .kt-accodion-icon-style-xclose ):not( .kt-accodion-icon-style-arrow ) .kt-blocks-accordion-header:hover .kt-blocks-accordion-icon-trigger:after, .kt-accordion-id_416a76-cf:not( .kt-accodion-icon-style-basic ):not( .kt-accodion-icon-style-xclose ):not( .kt-accodion-icon-style-arrow ) .kt-blocks-accordion-header:hover .kt-blocks-accordion-icon-trigger:before, body:not(.hide-focus-outline) .kt-accordion-id_416a76-cf:not( .kt-accodion-icon-style-basic ):not( .kt-accodion-icon-style-xclose ):not( .kt-accodion-icon-style-arrow ) .kt-blocks-accordion-header:focus-visible .kt-blocks-accordion-icon-trigger:after, body:not(.hide-focus-outline) .kt-accordion-id_416a76-cf:not( .kt-accodion-icon-style-basic ):not( .kt-accodion-icon-style-xclose ):not( .kt-accodion-icon-style-arrow ) .kt-blocks-accordion-header:focus-visible .kt-blocks-accordion-icon-trigger:before{background:#00ad1d;}.kt-accordion-id_416a76-cf .kt-accordion-header-wrap .kt-blocks-accordion-header:focus-visible, .kt-accordion-id_416a76-cf .kt-accordion-header-wrap .kt-blocks-accordion-header.kt-accordion-panel-active{color:#ffffff;background:#00ad1d;border-top-color:#eee;border-right-color:#eee;border-bottom-color:#eee;border-left-color:#0e9cd1;}.kt-accordion-id_416a76-cf:not( .kt-accodion-icon-style-basiccircle ):not( .kt-accodion-icon-style-xclosecircle ):not( .kt-accodion-icon-style-arrowcircle ) .kt-blocks-accordion-header.kt-accordion-panel-active .kt-blocks-accordion-icon-trigger:after, .kt-accordion-id_416a76-cf:not( .kt-accodion-icon-style-basiccircle ):not( .kt-accodion-icon-style-xclosecircle ):not( .kt-accodion-icon-style-arrowcircle ) .kt-blocks-accordion-header.kt-accordion-panel-active .kt-blocks-accordion-icon-trigger:before{background:#ffffff;}.kt-accordion-id_416a76-cf:not( .kt-accodion-icon-style-basic ):not( .kt-accodion-icon-style-xclose ):not( .kt-accodion-icon-style-arrow ) .kt-blocks-accordion-header.kt-accordion-panel-active .kt-blocks-accordion-icon-trigger{background:#ffffff;}.kt-accordion-id_416a76-cf:not( .kt-accodion-icon-style-basic ):not( .kt-accodion-icon-style-xclose ):not( .kt-accodion-icon-style-arrow ) .kt-blocks-accordion-header.kt-accordion-panel-active .kt-blocks-accordion-icon-trigger:after, .kt-accordion-id_416a76-cf:not( .kt-accodion-icon-style-basic ):not( .kt-accodion-icon-style-xclose ):not( .kt-accodion-icon-style-arrow ) .kt-blocks-accordion-header.kt-accordion-panel-active .kt-blocks-accordion-icon-trigger:before{background:#00ad1d;}@media all and (max-width: 767px){.kt-accordion-id_416a76-cf .kt-accordion-inner-wrap{display:block;}.kt-accordion-id_416a76-cf .kt-accordion-inner-wrap .kt-accordion-pane:not(:first-child){margin-top:10px;}}<\/style>\n<div class=\"wp-block-kadence-accordion alignnone\"><div class=\"kt-accordion-wrap kt-accordion-wrap kt-accordion-id_416a76-cf kt-accordion-has-17-panes kt-active-pane-0 kt-accordion-block kt-pane-header-alignment-left kt-accodion-icon-style-arrowcircle kt-accodion-icon-side-right\" style=\"max-width:none\"><div class=\"kt-accordion-inner-wrap\" data-allow-multiple-open=\"false\" data-start-open=\"none\"><div class=\"wp-block-kadence-pane kt-accordion-pane kt-accordion-pane-16 kt-pane_89736f-65\"><div class=\"kt-accordion-header-wrap\"><button class=\"kt-blocks-accordion-header kt-acccordion-button-label-show\"><span class=\"kt-blocks-accordion-title-wrap\"><span class=\"kt-blocks-accordion-title\"><strong>GI\u1edaI THI\u1ec6U S\u1ea2N PH\u1ea8M<\/strong><\/span><\/span><span class=\"kt-blocks-accordion-icon-trigger\"><\/span><\/button><\/div><div class=\"kt-accordion-panel kt-accordion-panel-hidden\"><div class=\"kt-accordion-panel-inner\"><div class=\"wp-block-group\"><div class=\"wp-block-group__inner-container is-layout-flow wp-block-group-is-layout-flow\"><p>&#8211; Van gas c\u00f3 kho\u00e1 t\u1ef1 \u0111\u1ed9ng TVG-LASTING-5 ph\u00f9 h\u1ee3p v\u1edbi c\u00e1c lo\u1ea1i b\u1ebfp gas \u0111\u00f4i \u0111\u1ea3m b\u1ea3o kh\u00f4ng r\u00f2 r\u1ec9 gas, b\u1ea3o v\u1ec7 an to\u00e0n cho gia \u0111\u00ecnh b\u1ea1n.<\/p>\n<p>&#8211; Van c\u00f3 \u0111\u1ed9 b\u1ec1n r\u1ea5t cao, s\u1ea3n ph\u1ea9m \u0111\u01b0\u1ee3c b\u00e1n \u1edf nhi\u1ec1u n\u01b0\u1edbc, trong \u0111\u00f3 c\u00f3 Vi\u1ec7t Nam, n\u1ed5i ti\u1ebfng v\u1edbi \u0111\u1ed9 b\u1ec1n cao, \u0111\u01b0\u1ee3c ng\u01b0\u1eddi Vi\u1ec7t tin d\u00f9ng tr\u00ean to\u00e0n qu\u1ed1c.<\/p>\n<p>&#8211; Van gas d\u00e2n d\u1ee5ng d\u00f9ng b\u00ecnh gas 12kg.<\/p>\n<h5>H\u01af\u1edaNG D\u1eaaN S\u1eec D\u1ee4NG<\/h5>\n<ol>\n<li>S\u1eed d\u1ee5ng \u0111i\u1ec1u \u00e1p n\u00e0y v\u1edbi c\u00e1c s\u1ea3n ph\u1ea9m d\u00f9ng gas c\u00f3 \u00e1p \u0111\u1ea7u v\u00e0o ph\u00f9 h\u1ee3p.<\/li>\n<li>D\u00f9ng k\u1eb9p (c\u1ed5 d\u00ea) si\u1ebft ch\u1eb7t t\u1ea1i \u0111i\u1ec3m n\u1ed1i gi\u1eefa \u0111i\u1ec1u \u00e1p v\u00e0 \u1ed1ng d\u1eabn gas.<\/li>\n<li>Si\u1ebft ch\u1eb7t tay v\u1eb7n, ki\u1ec3m tra r\u00f2 r\u1ec9 sau khi l\u1eafp \u0111\u1eb7t.<\/li>\n<li>\u0110i\u1ec1u ch\u1ec9nh \u00e1p su\u1ea5t ph\u00f9 h\u1ee3p \u0111\u1ec3 ti\u1ebft ki\u1ec7m gas.<\/li>\n<li>ki\u1ec3m tra an to\u00e0n th\u01b0\u1eddng xuy\u00ean trong qu\u00e1 tr\u00ecnh s\u1eed d\u1ee5ng.<\/li>\n<\/ol>\n\n<p><\/p><\/div><\/div><\/div><\/div><\/div>\n\n<div class=\"wp-block-kadence-pane kt-accordion-pane kt-accordion-pane-14 kt-pane_83e8f0-40\"><div class=\"kt-accordion-header-wrap\"><button class=\"kt-blocks-accordion-header kt-acccordion-button-label-show\"><span class=\"kt-blocks-accordion-title-wrap\"><span class=\"kt-blocks-accordion-title\"><strong>TH\u00d4NG S\u1ed0 K\u1ef8 THU\u1eacT<\/strong><\/span><\/span><span class=\"kt-blocks-accordion-icon-trigger\"><\/span><\/button><\/div><div class=\"kt-accordion-panel kt-accordion-panel-hidden\"><div class=\"kt-accordion-panel-inner\"><div class=\"wp-block-group\"><div class=\"wp-block-group__inner-container is-layout-flow wp-block-group-is-layout-flow\"><div class=\"wp-block-group\"><div class=\"wp-block-group__inner-container is-layout-flow wp-block-group-is-layout-flow\"><style>.kt-tabs-id_01a34d-0a > .kt-tabs-content-wrap > .wp-block-kadence-tab{border-top-width:3px;border-right-width:0px;border-bottom-width:0px;border-left-width:0px;border-color:#00ad1d;border-top-left-radius:0px;border-top-right-radius:0px;border-bottom-right-radius:0px;border-bottom-left-radius:0px;padding-top:1px;padding-right:1px;padding-bottom:1px;padding-left:1px;background:#ffffff;}.wp-block-kadence-tabs .kt-tabs-id_01a34d-0a > .kt-tabs-title-list li{margin-top:0px;margin-right:8px;margin-bottom:0px;margin-left:0px;}.wp-block-kadence-tabs .kt-tabs-id_01a34d-0a > .kt-tabs-title-list li:last-child{margin-right:0px;}.wp-block-kadence-tabs .kt-tabs-id_01a34d-0a > .kt-tabs-title-list li .kt-tab-title, .wp-block-kadence-tabs .kt-tabs-id_01a34d-0a > .kt-tabs-content-wrap > .kt-tabs-accordion-title .kt-tab-title{line-height:1em;font-weight:regular;font-style:normal;border-top-width:0px;border-right-width:0px;border-bottom-width:0px;border-left-width:0px;border-top-left-radius:4px;border-top-right-radius:4px;border-bottom-right-radius:0px;border-bottom-left-radius:0px;padding-top:8px;padding-right:20px;padding-bottom:8px;padding-left:20px;border-color:#eeeeee;color:#222222;background:#eeeeee;}.wp-block-kadence-tabs .kt-tabs-id_01a34d-0a > .kt-tabs-content-wrap > .kt-tabs-accordion-title .kt-tab-title{margin-top:0px;margin-right:8px;margin-bottom:0px;margin-left:0px;}.wp-block-kadence-tabs .kt-tabs-id_01a34d-0a > .kt-tabs-title-list li .kt-tab-title:hover, .wp-block-kadence-tabs .kt-tabs-id_01a34d-0a > .kt-tabs-content-wrap > .kt-tabs-accordion-title .kt-tab-title:hover{border-color:#eeeeee;color:#ffffff;background:#00ad1d;}.wp-block-kadence-tabs .kt-tabs-id_01a34d-0a > .kt-tabs-title-list li.kt-tab-title-active .kt-tab-title, .wp-block-kadence-tabs .kt-tabs-id_01a34d-0a > .kt-tabs-content-wrap > .kt-tabs-accordion-title.kt-tab-title-active .kt-tab-title{border-color:#eeeeee;color:#ffffff;background:#00ad1d;}<\/style>\n<div class=\"wp-block-kadence-tabs alignnone\"><div class=\"kt-tabs-wrap kt-tabs-id_01a34d-0a kt-tabs-has-3-tabs kt-active-tab-1 kt-tabs-layout-tabs kt-tabs-tablet-layout-inherit kt-tabs-mobile-layout-accordion kt-tab-alignment-left kt-create-accordion\" style=\"max-width:none\"><ul class=\"kt-tabs-title-list\"><li id=\"tab-thngtinsnphm\" class=\"kt-title-item kt-title-item-1 kt-tabs-svg-show-always kt-tabs-icon-side-right kt-tab-title-active\"><a href=\"#tab-thngtinsnphm\" data-tab=\"1\" class=\"kt-tab-title kt-tab-title-1\"><span class=\"kt-title-text\">TH\u00d4NG TIN S\u1ea2N PH\u1ea8M<\/span><\/a><\/li><li id=\"tab-thngtinkthut\" class=\"kt-title-item kt-title-item-2 kt-tabs-svg-show-always kt-tabs-icon-side-right kt-tab-title-inactive\"><a href=\"#tab-thngtinkthut\" data-tab=\"2\" class=\"kt-tab-title kt-tab-title-2\"><span class=\"kt-title-text\">TH\u00d4NG TIN K\u1ef8 THU\u1eacT<\/span><\/a><\/li><li id=\"tab-xutxvbohnh\" class=\"kt-title-item kt-title-item-3 kt-tabs-svg-show-always kt-tabs-icon-side-right kt-tab-title-inactive\"><a href=\"#tab-xutxvbohnh\" data-tab=\"3\" class=\"kt-tab-title kt-tab-title-3\"><span class=\"kt-title-text\">XU\u1ea4T X\u1ee8 V\u00c0 B\u1ea2O H\u00c0NH<\/span><\/a><\/li><\/ul><div class=\"kt-tabs-content-wrap\"><div class=\"wp-block-kadence-tab kt-tab-inner-content kt-inner-tab-1 kt-inner-tab_da06cb-53\"><div class=\"kt-tab-inner-content-inner\"><div class=\"wp-block-columns is-layout-flex wp-container-core-columns-is-layout-1 wp-block-columns-is-layout-flex\"><div class=\"wp-block-column is-layout-flow wp-block-column-is-layout-flow\" style=\"flex-basis:100%\"><div class=\"wp-block-group\"><div class=\"wp-block-group__inner-container is-layout-flow wp-block-group-is-layout-flow\"><figure class=\"wp-block-table is-style-regular\"><table><tbody><tr><td><strong>Lo\u1ea1i s\u1ea3n ph\u1ea9m<\/strong>:<\/td><td>Van gas<\/td><\/tr><tr><td><strong>Model<\/strong>:<\/td><td>TVG-LASTING-5<\/td><\/tr><tr><td><strong>M\u00e3 s\u1ea3n ph\u1ea9m<\/strong>:<\/td><td>6195400238<\/td><\/tr><tr><td><strong>M\u00e0u s\u1eafc<\/strong>:<\/td><td>Xanh l\u00e1<\/td><\/tr><\/tbody><\/table><\/figure><\/div><\/div><\/div><\/div><\/div><\/div>\n\n<div class=\"wp-block-kadence-tab kt-tab-inner-content kt-inner-tab-2 kt-inner-tab_518ce7-a8\"><div class=\"kt-tab-inner-content-inner\"><figure class=\"wp-block-table\"><table><tbody><tr><td><strong><strong>\u00c1p su\u1ea5t \u0111\u1ea7u v\u00e0o:<\/strong><\/strong><\/td><td>70 Kpa ~ 900 KPa<\/td><\/tr><tr><td><strong><strong><strong>\u00c1p su\u1ea5t \u0111\u1ea7u ra:<\/strong><\/strong><\/strong><\/td><td>3.5 \u00b1 0.5 Kpa<\/td><\/tr><tr><td><strong>L\u01b0u l\u01b0\u1ee3ng gas:<\/strong><\/td><td>2.0 kg\/gi\u1edd<\/td><\/tr><tr><td><strong>Kho\u00e1 t\u1ef1 \u0111\u1ed9ng:<\/strong><\/td><td>C\u00f3 kh\u00f3a t\u1ef1 \u0111\u1ed9ng<\/td><\/tr><tr><td><strong>K\u1ebft n\u1ed1i b\u1eb1ng ren:<\/strong><\/td><td>M22*1.5R Chu\u1ea9n cho van \u0111\u1ea7u b\u00ecnh ren trong<\/td><\/tr><tr><td><strong>K\u1ebft n\u1ed1i b\u1eb1ng d\u00e2y gas:<\/strong><\/td><td>\u00d8 11,5 \u00b1 0.50 mm<\/td><\/tr><tr><td><strong>Ch\u1ea5t li\u1ec7u:<\/strong><\/td><td>\u0110\u1ed3ng &#8211; Nh\u00f4m &#8211; S\u1eaft<\/td><\/tr><tr><td><strong>Tr\u1ecdng l\u01b0\u1ee3ng:<\/strong><\/td><td>300 Gam<\/td><\/tr><tr><td><strong>K\u00edch th\u01b0\u1edbc s\u1ea3n ph\u1ea9m:<\/strong><\/td><td>D\u00e0i: 170mm &#8211; R\u1ed9ng: 85mm &#8211; Cao: 90mm<\/td><\/tr><tr><td><strong>K\u00edch th\u01b0\u1edbc bao b\u00ec:<\/strong><\/td><td>D\u00e0i: 172mm &#8211; R\u1ed9ng: 87mm &#8211; Cao: 92mm<\/td><\/tr><tr><td><strong>S\u1eed d\u1ee5ng:<\/strong><\/td><td>D\u00f9ng trong d\u00e2n d\u1ee5ng<\/td><\/tr><\/tbody><\/table><\/figure><\/div><\/div>\n\n<div class=\"wp-block-kadence-tab kt-tab-inner-content kt-inner-tab-3 kt-inner-tab_6281bf-67\"><div class=\"kt-tab-inner-content-inner\"><figure class=\"wp-block-table\"><table><tbody><tr><td><strong>S\u1ea3n xu\u1ea5t b\u1ee1i:<\/strong><\/td><td>C\u00f4ng Ty C\u1ed5 Ph\u1ea7n T\u1eadp \u0110o\u00e0n \u0110\u1ea7u T\u01b0 Thu\u1eadn Vi\u1ec7t<\/td><\/tr><tr><td><strong>Th\u01b0\u01a1ng Hi\u1ec7u:<\/strong><\/td><td>TVG<\/td><\/tr><tr><td><strong>B\u1ea3o h\u00e0nh:<\/strong><\/td><td>12 Th\u00e1ng<\/td><\/tr><tr><td><strong>B\u1ea3o hi\u1ec3m tr\u00e1ch nhi\u1ec7m:<\/strong><\/td><td>B\u1ea3o Minh Gia \u0110\u1ecbnh IRX\/01853503: 1.000.000.000 VN\u0110<\/td><\/tr><\/tbody><\/table><\/figure><\/div><\/div><\/div><\/div><\/div><\/div><\/div><\/div><\/div><\/div><\/div><\/div><\/div><\/div><\/div><\/div><\/div><\/div><\/div><\/section><div style=\"margin: 20px 0;\"><div class=\"qrcswholewtapper\" style=\"text-align:left;\"><div class=\"qrcprowrapper\"  id=\"qrcwraa2leds\"><div class=\"qrc_canvass\" id=\"qrc_cuttenpages_2\" style=\"display:inline-block\" data-text=\"https:\/\/check-qrcode.com\/en\/6195400238\/\"><\/div><\/div><\/div><\/div>","protected":false},"excerpt":{"rendered":"","protected":false},"featured_media":12908,"template":"","meta":{"_kadence_starter_templates_imported_post":false},"product_cat":[18,22],"product_tag":[],"class_list":{"0":"post-12912","1":"product","2":"type-product","3":"status-publish","4":"has-post-thumbnail","6":"product_cat-thiet-bi-nha-bep","7":"product_cat-van-gas","9":"first","10":"instock","11":"shipping-taxable","12":"product-type-simple"},"_links":{"self":[{"href":"https:\/\/check-qrcode.com\/en\/wp-json\/wp\/v2\/product\/12912","targetHints":{"allow":["GET"]}}],"collection":[{"href":"https:\/\/check-qrcode.com\/en\/wp-json\/wp\/v2\/product"}],"about":[{"href":"https:\/\/check-qrcode.com\/en\/wp-json\/wp\/v2\/types\/product"}],"version-history":[{"count":2,"href":"https:\/\/check-qrcode.com\/en\/wp-json\/wp\/v2\/product\/12912\/revisions"}],"predecessor-version":[{"id":12918,"href":"https:\/\/check-qrcode.com\/en\/wp-json\/wp\/v2\/product\/12912\/revisions\/12918"}],"wp:featuredmedia":[{"embeddable":true,"href":"https:\/\/check-qrcode.com\/en\/wp-json\/wp\/v2\/media\/12908"}],"wp:attachment":[{"href":"https:\/\/check-qrcode.com\/en\/wp-json\/wp\/v2\/media?parent=12912"}],"wp:term":[{"taxonomy":"product_cat","embeddable":true,"href":"https:\/\/check-qrcode.com\/en\/wp-json\/wp\/v2\/product_cat?post=12912"},{"taxonomy":"product_tag","embeddable":true,"href":"https:\/\/check-qrcode.com\/en\/wp-json\/wp\/v2\/product_tag?post=12912"}],"curies":[{"name":"wp","href":"https:\/\/api.w.org\/{rel}","templated":true}]}}