{"id":12819,"date":"2022-11-29T13:42:02","date_gmt":"2022-11-29T06:42:02","guid":{"rendered":"https:\/\/check-qrcode.com\/?post_type=product&#038;p=12819"},"modified":"2022-11-29T14:39:06","modified_gmt":"2022-11-29T07:39:06","slug":"6195409033","status":"publish","type":"product","link":"https:\/\/check-qrcode.com\/en\/6195409033\/","title":{"rendered":"Chai x\u1ecbt b\u00f3ng s\u01a1n nhanh &#8211; WIGO Carnauba express shine 473ml TVG-WIGO-SHINE01"},"content":{"rendered":"<style>.kt-accordion-id_a0eaf0-1a .kt-accordion-inner-wrap{column-gap:var(--global-kb-gap-md, 2rem);row-gap:10px;}.kt-accordion-id_a0eaf0-1a .kt-accordion-panel-inner{background:#fff;padding-top:19px;padding-right:19px;padding-bottom:19px;padding-left:19px;}.kt-accordion-id_a0eaf0-1a .wp-block-kadence-pane .kt-accordion-header-wrap .kt-blocks-accordion-header{border-top-color:#eeeeee;border-right-color:#eeeeee;border-bottom-color:#eeeeee;border-left-color:#eeeeee;border-top-width:1px;border-right-width:1px;border-bottom-width:1px;border-left-width:2px;border-top-left-radius:0px;border-top-right-radius:0px;border-bottom-right-radius:0px;border-bottom-left-radius:0px;background:#14539a;font-size:14px;line-height:26px;color:#ffffff;padding-top:5px;padding-right:14px;padding-bottom:5px;padding-left:14px;}.kt-accordion-id_a0eaf0-1a:not( .kt-accodion-icon-style-basiccircle ):not( .kt-accodion-icon-style-xclosecircle ):not( .kt-accodion-icon-style-arrowcircle ) .kt-blocks-accordion-icon-trigger:after, .kt-accordion-id_a0eaf0-1a:not( .kt-accodion-icon-style-basiccircle ):not( .kt-accodion-icon-style-xclosecircle ):not( .kt-accodion-icon-style-arrowcircle ) .kt-blocks-accordion-icon-trigger:before{background:#ffffff;}.kt-accordion-id_a0eaf0-1a:not( .kt-accodion-icon-style-basic ):not( .kt-accodion-icon-style-xclose ):not( .kt-accodion-icon-style-arrow ) .kt-blocks-accordion-icon-trigger{background:#ffffff;}.kt-accordion-id_a0eaf0-1a:not( .kt-accodion-icon-style-basic ):not( .kt-accodion-icon-style-xclose ):not( .kt-accodion-icon-style-arrow ) .kt-blocks-accordion-icon-trigger:after, .kt-accordion-id_a0eaf0-1a:not( .kt-accodion-icon-style-basic ):not( .kt-accodion-icon-style-xclose ):not( .kt-accodion-icon-style-arrow ) .kt-blocks-accordion-icon-trigger:before{background:#14539a;}.kt-accordion-id_a0eaf0-1a .kt-accordion-header-wrap .kt-blocks-accordion-header:hover, body:not(.hide-focus-outline) .kt-accordion-id_a0eaf0-1a .kt-accordion-header-wrap .kt-blocks-accordion-header:focus-visible{color:#ffffff;background:#00ad1d;border-top-color:#d4d4d4;border-right-color:#d4d4d4;border-bottom-color:#d4d4d4;border-left-color:#d4d4d4;}.kt-accordion-id_a0eaf0-1a:not( .kt-accodion-icon-style-basiccircle ):not( .kt-accodion-icon-style-xclosecircle ):not( .kt-accodion-icon-style-arrowcircle ) .kt-blocks-accordion-header:hover .kt-blocks-accordion-icon-trigger:after, .kt-accordion-id_a0eaf0-1a:not( .kt-accodion-icon-style-basiccircle ):not( .kt-accodion-icon-style-xclosecircle ):not( .kt-accodion-icon-style-arrowcircle ) .kt-blocks-accordion-header:hover .kt-blocks-accordion-icon-trigger:before, body:not(.hide-focus-outline) .kt-accordion-id_a0eaf0-1a:not( .kt-accodion-icon-style-basiccircle ):not( .kt-accodion-icon-style-xclosecircle ):not( .kt-accodion-icon-style-arrowcircle ) .kt-blocks-accordion--visible .kt-blocks-accordion-icon-trigger:after, body:not(.hide-focus-outline) .kt-accordion-id_a0eaf0-1a:not( .kt-accodion-icon-style-basiccircle ):not( .kt-accodion-icon-style-xclosecircle ):not( .kt-accodion-icon-style-arrowcircle ) .kt-blocks-accordion-header:focus-visible .kt-blocks-accordion-icon-trigger:before{background:#ffffff;}.kt-accordion-id_a0eaf0-1a:not( .kt-accodion-icon-style-basic ):not( .kt-accodion-icon-style-xclose ):not( .kt-accodion-icon-style-arrow ) .kt-blocks-accordion-header:hover .kt-blocks-accordion-icon-trigger, body:not(.hide-focus-outline) .kt-accordion-id_a0eaf0-1a:not( .kt-accodion-icon-style-basic ):not( .kt-accodion-icon-style-xclose ):not( .kt-accodion-icon-style-arrow ) .kt-blocks-accordion-header:focus-visible .kt-blocks-accordion-icon-trigger{background:#ffffff;}.kt-accordion-id_a0eaf0-1a:not( .kt-accodion-icon-style-basic ):not( .kt-accodion-icon-style-xclose ):not( .kt-accodion-icon-style-arrow ) .kt-blocks-accordion-header:hover .kt-blocks-accordion-icon-trigger:after, .kt-accordion-id_a0eaf0-1a:not( .kt-accodion-icon-style-basic ):not( .kt-accodion-icon-style-xclose ):not( .kt-accodion-icon-style-arrow ) .kt-blocks-accordion-header:hover .kt-blocks-accordion-icon-trigger:before, body:not(.hide-focus-outline) .kt-accordion-id_a0eaf0-1a:not( .kt-accodion-icon-style-basic ):not( .kt-accodion-icon-style-xclose ):not( .kt-accodion-icon-style-arrow ) .kt-blocks-accordion-header:focus-visible .kt-blocks-accordion-icon-trigger:after, body:not(.hide-focus-outline) .kt-accordion-id_a0eaf0-1a:not( .kt-accodion-icon-style-basic ):not( .kt-accodion-icon-style-xclose ):not( .kt-accodion-icon-style-arrow ) .kt-blocks-accordion-header:focus-visible .kt-blocks-accordion-icon-trigger:before{background:#00ad1d;}.kt-accordion-id_a0eaf0-1a .kt-accordion-header-wrap .kt-blocks-accordion-header:focus-visible, .kt-accordion-id_a0eaf0-1a .kt-accordion-header-wrap .kt-blocks-accordion-header.kt-accordion-panel-active{color:#ffffff;background:#00ad1d;border-top-color:#eee;border-right-color:#eee;border-bottom-color:#eee;border-left-color:#0e9cd1;}.kt-accordion-id_a0eaf0-1a:not( .kt-accodion-icon-style-basiccircle ):not( .kt-accodion-icon-style-xclosecircle ):not( .kt-accodion-icon-style-arrowcircle ) .kt-blocks-accordion-header.kt-accordion-panel-active .kt-blocks-accordion-icon-trigger:after, .kt-accordion-id_a0eaf0-1a:not( .kt-accodion-icon-style-basiccircle ):not( .kt-accodion-icon-style-xclosecircle ):not( .kt-accodion-icon-style-arrowcircle ) .kt-blocks-accordion-header.kt-accordion-panel-active .kt-blocks-accordion-icon-trigger:before{background:#ffffff;}.kt-accordion-id_a0eaf0-1a:not( .kt-accodion-icon-style-basic ):not( .kt-accodion-icon-style-xclose ):not( .kt-accodion-icon-style-arrow ) .kt-blocks-accordion-header.kt-accordion-panel-active .kt-blocks-accordion-icon-trigger{background:#ffffff;}.kt-accordion-id_a0eaf0-1a:not( .kt-accodion-icon-style-basic ):not( .kt-accodion-icon-style-xclose ):not( .kt-accodion-icon-style-arrow ) .kt-blocks-accordion-header.kt-accordion-panel-active .kt-blocks-accordion-icon-trigger:after, .kt-accordion-id_a0eaf0-1a:not( .kt-accodion-icon-style-basic ):not( .kt-accodion-icon-style-xclose ):not( .kt-accodion-icon-style-arrow ) .kt-blocks-accordion-header.kt-accordion-panel-active .kt-blocks-accordion-icon-trigger:before{background:#00ad1d;}@media all and (max-width: 767px){.kt-accordion-id_a0eaf0-1a .kt-accordion-inner-wrap{display:block;}.kt-accordion-id_a0eaf0-1a .kt-accordion-inner-wrap .kt-accordion-pane:not(:first-child){margin-top:10px;}}<\/style>\n<div class=\"wp-block-kadence-accordion alignnone\"><div class=\"kt-accordion-wrap kt-accordion-wrap kt-accordion-id_a0eaf0-1a kt-accordion-has-17-panes kt-active-pane-0 kt-accordion-block kt-pane-header-alignment-left kt-accodion-icon-style-arrowcircle kt-accodion-icon-side-right\" style=\"max-width:none\"><div class=\"kt-accordion-inner-wrap\" data-allow-multiple-open=\"false\" data-start-open=\"none\"><div class=\"wp-block-kadence-pane kt-accordion-pane kt-accordion-pane-16 kt-pane_083caf-12\"><div class=\"kt-accordion-header-wrap\"><button class=\"kt-blocks-accordion-header kt-acccordion-button-label-show\"><span class=\"kt-blocks-accordion-title-wrap\"><span class=\"kt-blocks-accordion-title\"><strong>GI\u1edaI THI\u1ec6U S\u1ea2N PH\u1ea8M<\/strong><\/span><\/span><span class=\"kt-blocks-accordion-icon-trigger\"><\/span><\/button><\/div><div class=\"kt-accordion-panel kt-accordion-panel-hidden\"><div class=\"kt-accordion-panel-inner\"><div class=\"wp-block-group\"><div class=\"wp-block-group__inner-container is-layout-flow wp-block-group-is-layout-flow\"><p><span style=\"color: #000000;\"><strong>Chai x\u1ecbt b\u00f3ng s\u01a1n nhanh &#8211; WIGO Carnauba express shine 473ml TVG-WIGO-SHINE01<\/strong><\/span><\/p>\n<p>\u0110\u00e1nh b\u00f3ng s\u01a1n nhanh WIGO Carnauba express Shine \u0111\u01b0\u1ee3c s\u1eed d\u1ee5ng cho vi\u1ec7c t\u1ea1o b\u00f3ng cho b\u1ec1 m\u1eb7t s\u01a1n, l\u00e0m s\u00e1ng \u0111\u1eb9p an to\u00e0n b\u1ec1 m\u1eb7t s\u01a1n xe trong m\u1ed9t th\u1eddi gian ng\u1eafn.<br>&nbsp;Chai x\u1ecbt&nbsp;<em>\u0111\u00e1nh b\u00f3ng nhanh s\u01a1n<\/em> xe WIGO Carnauba express Shine \u0111\u01b0\u1ee3c s\u1eed d\u1ee5ng cho vi\u1ec7c t\u1ea1o b\u00f3ng cho b\u1ec1 m\u1eb7t s\u01a1n, l\u00e0m s\u00e1ng \u0111\u1eb9p an to\u00e0n b\u1ec1 m\u1eb7t s\u01a1n xe trong m\u1ed9t th\u1eddi gian ng\u1eafn. M\u1ed9t s\u1ea3n ph\u1ea9m c\u1ee7a th\u01b0\u01a1ng hi\u1ec7u ch\u0103m s\u00f3c xe \u00f4 t\u00f4 h\u00e0ng \u0111\u1ea7u khu v\u1ef1c<\/p>\n<p>\u2013 Dung t\u00edch: 473 ml<br>\u2013 Xu\u1ea5t x\u1ee9: Vi\u1ec7t Nam<\/p>\n<p>\u2013&nbsp;<em><strong>C\u00f4ng d\u1ee5ng:<\/strong><\/em><\/p>\n<ul>\n<li>S\u1ea3n ph\u1ea9m cho \u0111\u1ed9 b\u00f3ng s\u01a1n xe nhanh, th\u00e0nh ph\u1ea7n c\u00f3 ch\u1ee9a ch\u1ea5t b\u1ea3o v\u1ec7, s\u00e1p ong v\u00e0 carnauba cho \u0111\u1ed9 b\u00f3ng s\u00e1ng \u0111\u1eb9p r\u1ef1c r\u1ee1.<\/li>\n<li>Ch\u1ed1ng th\u1ea5m n\u01b0\u1edbc, b\u00e1m b\u1ee5i, \u00e1nh s\u00e1ng m\u1eb7t tr\u1eddi c\u00f3 h\u1ea1i cho b\u1ec1 m\u1eb7t s\u01a1n<\/li>\n<li>Ch\u1ed1ng oxy h\u00f3a v\u00e0 b\u1ea3o v\u1ec7 kh\u00f4ng phai m\u00e0u s\u01a1n xe<\/li>\n<\/ul>\n<p>\u2013&nbsp;<em><strong>H\u01b0\u1edbng d\u1eabn s\u1eed d\u1ee5ng:<\/strong><\/em><\/p>\n<ul>\n<li>L\u00e0m s\u1ea1ch v\u00e0 lau kh\u00f4 b\u1ec1 m\u1eb7t s\u01a1n xe tr\u01b0\u1edbc khi s\u1eed d\u1ee5ng WIGO Carnauba express Shine<\/li>\n<li>L\u1eafc \u0111\u1ec1u s\u1ea3n ph\u1ea9m v\u00e0 x\u1ecbt l\u00ean b\u1ec1 m\u1eb7t c\u1ea7n l\u00e0m b\u00f3ng<\/li>\n<li>L\u1ea5y kh\u0103n s\u1ea1ch m\u1ec1m lau l\u1ea1i<\/li>\n<\/ul>\n\n<p><\/p><\/div><\/div><\/div><\/div><\/div>\n\n<div class=\"wp-block-kadence-pane kt-accordion-pane kt-accordion-pane-14 kt-pane_811662-6f\"><div class=\"kt-accordion-header-wrap\"><button class=\"kt-blocks-accordion-header kt-acccordion-button-label-show\"><span class=\"kt-blocks-accordion-title-wrap\"><span class=\"kt-blocks-accordion-title\"><strong>TH\u00d4NG S\u1ed0 K\u1ef8 THU\u1eacT<\/strong><\/span><\/span><span class=\"kt-blocks-accordion-icon-trigger\"><\/span><\/button><\/div><div class=\"kt-accordion-panel kt-accordion-panel-hidden\"><div class=\"kt-accordion-panel-inner\"><div class=\"wp-block-group\"><div class=\"wp-block-group__inner-container is-layout-flow wp-block-group-is-layout-flow\"><div class=\"wp-block-group\"><div class=\"wp-block-group__inner-container is-layout-flow wp-block-group-is-layout-flow\"><style>.kt-tabs-id_35bd2f-cf > .kt-tabs-content-wrap > .wp-block-kadence-tab{border-top-width:3px;border-right-width:0px;border-bottom-width:0px;border-left-width:0px;border-color:#00ad1d;border-top-left-radius:0px;border-top-right-radius:0px;border-bottom-right-radius:0px;border-bottom-left-radius:0px;padding-top:1px;padding-right:1px;padding-bottom:1px;padding-left:1px;background:#ffffff;}.wp-block-kadence-tabs .kt-tabs-id_35bd2f-cf > .kt-tabs-title-list li{margin-top:0px;margin-right:8px;margin-bottom:0px;margin-left:0px;}.wp-block-kadence-tabs .kt-tabs-id_35bd2f-cf > .kt-tabs-title-list li:last-child{margin-right:0px;}.wp-block-kadence-tabs .kt-tabs-id_35bd2f-cf > .kt-tabs-title-list li .kt-tab-title, .wp-block-kadence-tabs .kt-tabs-id_35bd2f-cf > .kt-tabs-content-wrap > .kt-tabs-accordion-title .kt-tab-title{line-height:1em;font-weight:regular;font-style:normal;border-top-width:0px;border-right-width:0px;border-bottom-width:0px;border-left-width:0px;border-top-left-radius:4px;border-top-right-radius:4px;border-bottom-right-radius:0px;border-bottom-left-radius:0px;padding-top:8px;padding-right:20px;padding-bottom:8px;padding-left:20px;border-color:#eeeeee;color:#222222;background:#eeeeee;}.wp-block-kadence-tabs .kt-tabs-id_35bd2f-cf > .kt-tabs-content-wrap > .kt-tabs-accordion-title .kt-tab-title{margin-top:0px;margin-right:8px;margin-bottom:0px;margin-left:0px;}.wp-block-kadence-tabs .kt-tabs-id_35bd2f-cf > .kt-tabs-title-list li .kt-tab-title:hover, .wp-block-kadence-tabs .kt-tabs-id_35bd2f-cf > .kt-tabs-content-wrap > .kt-tabs-accordion-title .kt-tab-title:hover{border-color:#eeeeee;color:#ffffff;background:#00ad1d;}.wp-block-kadence-tabs .kt-tabs-id_35bd2f-cf > .kt-tabs-title-list li.kt-tab-title-active .kt-tab-title, .wp-block-kadence-tabs .kt-tabs-id_35bd2f-cf > .kt-tabs-content-wrap > .kt-tabs-accordion-title.kt-tab-title-active .kt-tab-title{border-color:#eeeeee;color:#ffffff;background:#00ad1d;}<\/style>\n<div class=\"wp-block-kadence-tabs alignnone\"><div class=\"kt-tabs-wrap kt-tabs-id_35bd2f-cf kt-tabs-has-3-tabs kt-active-tab-1 kt-tabs-layout-tabs kt-tabs-tablet-layout-inherit kt-tabs-mobile-layout-accordion kt-tab-alignment-left kt-create-accordion\" style=\"max-width:none\"><ul class=\"kt-tabs-title-list\"><li id=\"tab-thngtinsnphm\" class=\"kt-title-item kt-title-item-1 kt-tabs-svg-show-always kt-tabs-icon-side-right kt-tab-title-active\"><a href=\"#tab-thngtinsnphm\" data-tab=\"1\" class=\"kt-tab-title kt-tab-title-1\"><span class=\"kt-title-text\">TH\u00d4NG TIN S\u1ea2N PH\u1ea8M<\/span><\/a><\/li><li id=\"tab-thngtinkthut\" class=\"kt-title-item kt-title-item-2 kt-tabs-svg-show-always kt-tabs-icon-side-right kt-tab-title-inactive\"><a href=\"#tab-thngtinkthut\" data-tab=\"2\" class=\"kt-tab-title kt-tab-title-2\"><span class=\"kt-title-text\">TH\u00d4NG TIN K\u1ef8 THU\u1eacT<\/span><\/a><\/li><li id=\"tab-xutxvbohnh\" class=\"kt-title-item kt-title-item-3 kt-tabs-svg-show-always kt-tabs-icon-side-right kt-tab-title-inactive\"><a href=\"#tab-xutxvbohnh\" data-tab=\"3\" class=\"kt-tab-title kt-tab-title-3\"><span class=\"kt-title-text\">XU\u1ea4T X\u1ee8 V\u00c0 B\u1ea2O H\u00c0NH<\/span><\/a><\/li><\/ul><div class=\"kt-tabs-content-wrap\"><div class=\"wp-block-kadence-tab kt-tab-inner-content kt-inner-tab-1 kt-inner-tab_e250c5-40\"><div class=\"kt-tab-inner-content-inner\"><div class=\"wp-block-columns is-layout-flex wp-container-core-columns-is-layout-1 wp-block-columns-is-layout-flex\"><div class=\"wp-block-column is-layout-flow wp-block-column-is-layout-flow\" style=\"flex-basis:100%\"><div class=\"wp-block-group\"><div class=\"wp-block-group__inner-container is-layout-flow wp-block-group-is-layout-flow\"><figure class=\"wp-block-table is-style-regular\"><table><tbody><tr><td><strong>Lo\u1ea1i s\u1ea3n ph\u1ea9m<\/strong>:<\/td><td>Ch\u1ea5t l\u00e0m b\u00f3ng<\/td><\/tr><tr><td><strong>Model<\/strong>:<\/td><td>TVG-WIGO-SHINE01<\/td><\/tr><tr><td><strong>M\u00e3 s\u1ea3n ph\u1ea9m<\/strong>:<\/td><td>6195409033<\/td><\/tr><tr><td><strong>M\u00e0u s\u1eafc<\/strong>:<\/td><td>Kh\u00f4ng m\u00e0u<\/td><\/tr><\/tbody><\/table><\/figure><\/div><\/div><\/div><\/div><\/div><\/div>\n\n<div class=\"wp-block-kadence-tab kt-tab-inner-content kt-inner-tab-2 kt-inner-tab_5efa0d-91\"><div class=\"kt-tab-inner-content-inner\"><figure class=\"wp-block-table\"><table><tbody><tr><td><strong>Tr\u1ecdng l\u01b0\u1ee3ng:<\/strong><\/td><td>473 ml<\/td><\/tr><tr><td><strong>K\u00edch th\u01b0\u1edbc s\u1ea3n ph\u1ea9m:<\/strong><\/td><td>D\u00e0i: 105mm &#8211; R\u1ed9ng: 65mm &#8211; Cao: 265mm<\/td><\/tr><tr><td><strong>K\u00edch th\u01b0\u1edbc bao b\u00ec:<\/strong><\/td><td>D\u00e0i: 110mm &#8211; R\u1ed9ng: 70mm &#8211; Cao: 270mm<\/td><\/tr><tr><td><\/td><td><\/td><\/tr><\/tbody><\/table><\/figure><\/div><\/div>\n\n<div class=\"wp-block-kadence-tab kt-tab-inner-content kt-inner-tab-3 kt-inner-tab_61ab09-aa\"><div class=\"kt-tab-inner-content-inner\"><figure class=\"wp-block-table\"><table><tbody><tr><td><strong>S\u1ea3n xu\u1ea5t b\u1ee1i:<\/strong><\/td><td>C\u00f4ng Ty C\u1ed5 Ph\u1ea7n T\u1eadp \u0110o\u00e0n \u0110\u1ea7u T\u01b0 Thu\u1eadn Vi\u1ec7t<\/td><\/tr><tr><td><strong>S\u1ea3n xu\u1ea5t t\u1ea1i:<\/strong><\/td><td>Vi\u1ec7t Nam<\/td><\/tr><tr><td><strong><strong>Th\u01b0\u01a1ng Hi\u1ec7u:<\/strong><\/strong><\/td><td>TVG<\/td><\/tr><tr><td><strong><strong>B\u1ea3o h\u00e0nh:<\/strong><\/strong><\/td><td>Kh\u00f4ng b\u1ea3o hi\u1ec3m<\/td><\/tr><\/tbody><\/table><\/figure><\/div><\/div><\/div><\/div><\/div><\/div><\/div><\/div><\/div><\/div><\/div><\/div><\/div><\/div><\/div><div style=\"margin: 20px 0;\"><div class=\"qrcswholewtapper\" style=\"text-align:left;\"><div class=\"qrcprowrapper\"  id=\"qrcwraa2leds\"><div class=\"qrc_canvass\" id=\"qrc_cuttenpages_2\" style=\"display:inline-block\" data-text=\"https:\/\/check-qrcode.com\/en\/6195409033\/\"><\/div><\/div><\/div><\/div>","protected":false},"excerpt":{"rendered":"","protected":false},"featured_media":12897,"template":"","meta":{"_kadence_starter_templates_imported_post":false},"product_cat":[345,344],"product_tag":[],"class_list":{"0":"post-12819","1":"product","2":"type-product","3":"status-publish","4":"has-post-thumbnail","6":"product_cat-mo-boi-tron","7":"product_cat-san-pham-cong-nghiep","8":"pa_model-tvg-wigo-shine01","10":"first","11":"instock","12":"shipping-taxable","13":"product-type-simple"},"_links":{"self":[{"href":"https:\/\/check-qrcode.com\/en\/wp-json\/wp\/v2\/product\/12819","targetHints":{"allow":["GET"]}}],"collection":[{"href":"https:\/\/check-qrcode.com\/en\/wp-json\/wp\/v2\/product"}],"about":[{"href":"https:\/\/check-qrcode.com\/en\/wp-json\/wp\/v2\/types\/product"}],"version-history":[{"count":1,"href":"https:\/\/check-qrcode.com\/en\/wp-json\/wp\/v2\/product\/12819\/revisions"}],"predecessor-version":[{"id":12892,"href":"https:\/\/check-qrcode.com\/en\/wp-json\/wp\/v2\/product\/12819\/revisions\/12892"}],"wp:featuredmedia":[{"embeddable":true,"href":"https:\/\/check-qrcode.com\/en\/wp-json\/wp\/v2\/media\/12897"}],"wp:attachment":[{"href":"https:\/\/check-qrcode.com\/en\/wp-json\/wp\/v2\/media?parent=12819"}],"wp:term":[{"taxonomy":"product_cat","embeddable":true,"href":"https:\/\/check-qrcode.com\/en\/wp-json\/wp\/v2\/product_cat?post=12819"},{"taxonomy":"product_tag","embeddable":true,"href":"https:\/\/check-qrcode.com\/en\/wp-json\/wp\/v2\/product_tag?post=12819"}],"curies":[{"name":"wp","href":"https:\/\/api.w.org\/{rel}","templated":true}]}}