{"id":12761,"date":"2022-07-04T15:29:05","date_gmt":"2022-07-04T08:29:05","guid":{"rendered":"https:\/\/check-qrcode.com\/?post_type=product&#038;p=12761"},"modified":"2022-07-06T10:29:35","modified_gmt":"2022-07-06T03:29:35","slug":"6195409019","status":"publish","type":"product","link":"https:\/\/check-qrcode.com\/en\/6195409019\/","title":{"rendered":"M\u1ee1 b\u00f4i tr\u01a1n FOCUS EPIII GREASE BLUE NGLI#3 TVG-N-WAX-BL"},"content":{"rendered":"<style>#kt-layout-id_991cee-5b > .kt-row-column-wrap{align-content:start;}:where(#kt-layout-id_991cee-5b > .kt-row-column-wrap) > .wp-block-kadence-column{justify-content:start;}#kt-layout-id_991cee-5b > .kt-row-column-wrap{column-gap:var(--global-kb-gap-md, 2rem);row-gap:var(--global-kb-gap-md, 2rem);max-width:var(--wp--style--global--content-size);padding-top:var( --global-kb-row-default-top, 25px );padding-bottom:var( --global-kb-row-default-bottom, 25px );padding-top:5px;padding-bottom:5px;grid-template-columns:minmax(0, 1fr);}#kt-layout-id_991cee-5b > .kt-row-layout-overlay{opacity:0.30;}#kt-layout-id_991cee-5b .kt-row-layout-bottom-sep{height:30px;}#kt-layout-id_991cee-5b .kt-row-layout-bottom-sep svg{width:100%;}#kt-layout-id_991cee-5b .kt-row-layout-bottom-sep svg{fill:#14539a!important;}#kt-layout-id_991cee-5b .kt-row-layout-top-sep{height:30px;}#kt-layout-id_991cee-5b .kt-row-layout-top-sep svg{width:100%;}#kt-layout-id_991cee-5b .kt-row-layout-top-sep svg{fill:#14539a!important;}@media all and (max-width: 1024px){#kt-layout-id_991cee-5b > .kt-row-column-wrap{grid-template-columns:minmax(0, 1fr);}}@media all and (max-width: 1024px){#kt-layout-id_991cee-5b .kt-row-layout-bottom-sep{height:px;}}@media all and (max-width: 1024px){#kt-layout-id_991cee-5b .kt-row-layout-bottom-sep svg{width:%;}}@media all and (max-width: 767px){#kt-layout-id_991cee-5b > .kt-row-column-wrap{grid-template-columns:minmax(0, 1fr);}#kt-layout-id_991cee-5b .kt-row-layout-bottom-sep{height:px;}#kt-layout-id_991cee-5b .kt-row-layout-bottom-sep svg{width:%;}}<\/style>\n<section class=\"wp-block-kadence-rowlayout alignnone\"><div id=\"kt-layout-id_991cee-5b\" class=\"kt-row-layout-inner kt-layout-id_991cee-5b\"><div class=\"kt-row-column-wrap kt-has-1-columns kt-gutter-default kt-v-gutter-default kt-row-valign-top kt-row-layout-equal kt-tab-layout-inherit kt-m-colapse-left-to-right kt-mobile-layout-row kb-theme-content-width\"><style>.kadence-column_ee8a44-24 > .kt-inside-inner-col{border-top-width:0px;border-right-width:0px;border-bottom-width:0px;border-left-width:0px;}.kadence-column_ee8a44-24 > .kt-inside-inner-col,.kadence-column_ee8a44-24 > .kt-inside-inner-col:before{border-top-left-radius:0px;border-top-right-radius:0px;border-bottom-right-radius:0px;border-bottom-left-radius:0px;}.kadence-column_ee8a44-24 > .kt-inside-inner-col{column-gap:var(--global-kb-gap-sm, 1rem);}.kadence-column_ee8a44-24 > .kt-inside-inner-col{flex-direction:column;}.kadence-column_ee8a44-24 > .kt-inside-inner-col > .aligncenter{width:100%;}.kadence-column_ee8a44-24 > .kt-inside-inner-col:before{opacity:0.3;}.kadence-column_ee8a44-24{position:relative;}@media all and (max-width: 1024px){.kadence-column_ee8a44-24 > .kt-inside-inner-col{flex-direction:column;}}@media all and (max-width: 767px){.kadence-column_ee8a44-24 > .kt-inside-inner-col{flex-direction:column;}}<\/style>\n<div class=\"wp-block-kadence-column inner-column-1 kadence-column_ee8a44-24 kb-section-dir-vertical\"><div class=\"kt-inside-inner-col\"><style>.kt-accordion-id_3bcbb6-6e .kt-accordion-inner-wrap{column-gap:var(--global-kb-gap-md, 2rem);row-gap:10px;}.kt-accordion-id_3bcbb6-6e .kt-accordion-panel-inner{background:#fff;padding-top:19px;padding-right:19px;padding-bottom:19px;padding-left:19px;}.kt-accordion-id_3bcbb6-6e .wp-block-kadence-pane .kt-accordion-header-wrap .kt-blocks-accordion-header{border-top-color:#eeeeee;border-right-color:#eeeeee;border-bottom-color:#eeeeee;border-left-color:#eeeeee;border-top-width:1px;border-right-width:1px;border-bottom-width:1px;border-left-width:2px;border-top-left-radius:0px;border-top-right-radius:0px;border-bottom-right-radius:0px;border-bottom-left-radius:0px;background:#14539a;font-size:14px;line-height:26px;color:#ffffff;padding-top:5px;padding-right:14px;padding-bottom:5px;padding-left:14px;}.kt-accordion-id_3bcbb6-6e:not( .kt-accodion-icon-style-basiccircle ):not( .kt-accodion-icon-style-xclosecircle ):not( .kt-accodion-icon-style-arrowcircle ) .kt-blocks-accordion-icon-trigger:after, .kt-accordion-id_3bcbb6-6e:not( .kt-accodion-icon-style-basiccircle ):not( .kt-accodion-icon-style-xclosecircle ):not( .kt-accodion-icon-style-arrowcircle ) .kt-blocks-accordion-icon-trigger:before{background:#ffffff;}.kt-accordion-id_3bcbb6-6e:not( .kt-accodion-icon-style-basic ):not( .kt-accodion-icon-style-xclose ):not( .kt-accodion-icon-style-arrow ) .kt-blocks-accordion-icon-trigger{background:#ffffff;}.kt-accordion-id_3bcbb6-6e:not( .kt-accodion-icon-style-basic ):not( .kt-accodion-icon-style-xclose ):not( .kt-accodion-icon-style-arrow ) .kt-blocks-accordion-icon-trigger:after, .kt-accordion-id_3bcbb6-6e:not( .kt-accodion-icon-style-basic ):not( .kt-accodion-icon-style-xclose ):not( .kt-accodion-icon-style-arrow ) .kt-blocks-accordion-icon-trigger:before{background:#14539a;}.kt-accordion-id_3bcbb6-6e .kt-accordion-header-wrap .kt-blocks-accordion-header:hover, body:not(.hide-focus-outline) .kt-accordion-id_3bcbb6-6e .kt-accordion-header-wrap .kt-blocks-accordion-header:focus-visible{color:#ffffff;background:#00ad1d;border-top-color:#d4d4d4;border-right-color:#d4d4d4;border-bottom-color:#d4d4d4;border-left-color:#d4d4d4;}.kt-accordion-id_3bcbb6-6e:not( .kt-accodion-icon-style-basiccircle ):not( .kt-accodion-icon-style-xclosecircle ):not( .kt-accodion-icon-style-arrowcircle ) .kt-blocks-accordion-header:hover .kt-blocks-accordion-icon-trigger:after, .kt-accordion-id_3bcbb6-6e:not( .kt-accodion-icon-style-basiccircle ):not( .kt-accodion-icon-style-xclosecircle ):not( .kt-accodion-icon-style-arrowcircle ) .kt-blocks-accordion-header:hover .kt-blocks-accordion-icon-trigger:before, body:not(.hide-focus-outline) .kt-accordion-id_3bcbb6-6e:not( .kt-accodion-icon-style-basiccircle ):not( .kt-accodion-icon-style-xclosecircle ):not( .kt-accodion-icon-style-arrowcircle ) .kt-blocks-accordion--visible .kt-blocks-accordion-icon-trigger:after, body:not(.hide-focus-outline) .kt-accordion-id_3bcbb6-6e:not( .kt-accodion-icon-style-basiccircle ):not( .kt-accodion-icon-style-xclosecircle ):not( .kt-accodion-icon-style-arrowcircle ) .kt-blocks-accordion-header:focus-visible .kt-blocks-accordion-icon-trigger:before{background:#ffffff;}.kt-accordion-id_3bcbb6-6e:not( .kt-accodion-icon-style-basic ):not( .kt-accodion-icon-style-xclose ):not( .kt-accodion-icon-style-arrow ) .kt-blocks-accordion-header:hover .kt-blocks-accordion-icon-trigger, body:not(.hide-focus-outline) .kt-accordion-id_3bcbb6-6e:not( .kt-accodion-icon-style-basic ):not( .kt-accodion-icon-style-xclose ):not( .kt-accodion-icon-style-arrow ) .kt-blocks-accordion-header:focus-visible .kt-blocks-accordion-icon-trigger{background:#ffffff;}.kt-accordion-id_3bcbb6-6e:not( .kt-accodion-icon-style-basic ):not( .kt-accodion-icon-style-xclose ):not( .kt-accodion-icon-style-arrow ) .kt-blocks-accordion-header:hover .kt-blocks-accordion-icon-trigger:after, .kt-accordion-id_3bcbb6-6e:not( .kt-accodion-icon-style-basic ):not( .kt-accodion-icon-style-xclose ):not( .kt-accodion-icon-style-arrow ) .kt-blocks-accordion-header:hover .kt-blocks-accordion-icon-trigger:before, body:not(.hide-focus-outline) .kt-accordion-id_3bcbb6-6e:not( .kt-accodion-icon-style-basic ):not( .kt-accodion-icon-style-xclose ):not( .kt-accodion-icon-style-arrow ) .kt-blocks-accordion-header:focus-visible .kt-blocks-accordion-icon-trigger:after, body:not(.hide-focus-outline) .kt-accordion-id_3bcbb6-6e:not( .kt-accodion-icon-style-basic ):not( .kt-accodion-icon-style-xclose ):not( .kt-accodion-icon-style-arrow ) .kt-blocks-accordion-header:focus-visible .kt-blocks-accordion-icon-trigger:before{background:#00ad1d;}.kt-accordion-id_3bcbb6-6e .kt-accordion-header-wrap .kt-blocks-accordion-header:focus-visible, .kt-accordion-id_3bcbb6-6e .kt-accordion-header-wrap .kt-blocks-accordion-header.kt-accordion-panel-active{color:#ffffff;background:#00ad1d;border-top-color:#eee;border-right-color:#eee;border-bottom-color:#eee;border-left-color:#0e9cd1;}.kt-accordion-id_3bcbb6-6e:not( .kt-accodion-icon-style-basiccircle ):not( .kt-accodion-icon-style-xclosecircle ):not( .kt-accodion-icon-style-arrowcircle ) .kt-blocks-accordion-header.kt-accordion-panel-active .kt-blocks-accordion-icon-trigger:after, .kt-accordion-id_3bcbb6-6e:not( .kt-accodion-icon-style-basiccircle ):not( .kt-accodion-icon-style-xclosecircle ):not( .kt-accodion-icon-style-arrowcircle ) .kt-blocks-accordion-header.kt-accordion-panel-active .kt-blocks-accordion-icon-trigger:before{background:#ffffff;}.kt-accordion-id_3bcbb6-6e:not( .kt-accodion-icon-style-basic ):not( .kt-accodion-icon-style-xclose ):not( .kt-accodion-icon-style-arrow ) .kt-blocks-accordion-header.kt-accordion-panel-active .kt-blocks-accordion-icon-trigger{background:#ffffff;}.kt-accordion-id_3bcbb6-6e:not( .kt-accodion-icon-style-basic ):not( .kt-accodion-icon-style-xclose ):not( .kt-accodion-icon-style-arrow ) .kt-blocks-accordion-header.kt-accordion-panel-active .kt-blocks-accordion-icon-trigger:after, .kt-accordion-id_3bcbb6-6e:not( .kt-accodion-icon-style-basic ):not( .kt-accodion-icon-style-xclose ):not( .kt-accodion-icon-style-arrow ) .kt-blocks-accordion-header.kt-accordion-panel-active .kt-blocks-accordion-icon-trigger:before{background:#00ad1d;}@media all and (max-width: 767px){.kt-accordion-id_3bcbb6-6e .kt-accordion-inner-wrap{display:block;}.kt-accordion-id_3bcbb6-6e .kt-accordion-inner-wrap .kt-accordion-pane:not(:first-child){margin-top:10px;}}<\/style>\n<div class=\"wp-block-kadence-accordion alignnone\"><div class=\"kt-accordion-wrap kt-accordion-wrap kt-accordion-id_3bcbb6-6e kt-accordion-has-17-panes kt-active-pane-0 kt-accordion-block kt-pane-header-alignment-left kt-accodion-icon-style-arrowcircle kt-accodion-icon-side-right\" style=\"max-width:none\"><div class=\"kt-accordion-inner-wrap\" data-allow-multiple-open=\"false\" data-start-open=\"none\"><div class=\"wp-block-kadence-pane kt-accordion-pane kt-accordion-pane-16 kt-pane_89736f-65\"><div class=\"kt-accordion-header-wrap\"><button class=\"kt-blocks-accordion-header kt-acccordion-button-label-show\"><span class=\"kt-blocks-accordion-title-wrap\"><span class=\"kt-blocks-accordion-title\"><strong>GI\u1edaI THI\u1ec6U S\u1ea2N PH\u1ea8M<\/strong><\/span><\/span><span class=\"kt-blocks-accordion-icon-trigger\"><\/span><\/button><\/div><div class=\"kt-accordion-panel kt-accordion-panel-hidden\"><div class=\"kt-accordion-panel-inner\"><div class=\"wp-block-group\"><div class=\"wp-block-group__inner-container is-layout-flow wp-block-group-is-layout-flow\"><p style=\"text-align: left;\">C\u00f4ng d\u1ee5ng:<\/p>\n<p style=\"text-align: left;\">&#8211; FOCUS EPIII l\u00e0 lo\u1ea1i m\u1ee1 \u0111a d\u1ee5ng, s\u1eed d\u1ee5ng cho v\u00f2ng bi c\u1ee7a xe t\u1ea3i n\u1eb7ng , xe kh\u00e1ch, b\u00e1nh xe \u00f4 t\u00f4 con, c\u00e1c m\u00e1y c\u00f4ng nghi\u1ec7p. \u0110\u1eb7c bi\u1ec7t m\u1ee1 ch\u1ecbu nhi\u1ec7t \u0111\u1ed9 ch\u1ed1ng m\u00e0i m\u00f2n v\u00e0 t\u1ea3i tr\u1ecdng cao, ng\u0103n va \u0111\u1eadp, gi\u00fap v\u1eadn h\u00e0nh \u1ed5n \u0111\u1ecbnh. M\u1ee1 th\u00edch h\u1ee3p cho m\u00f4i tr\u01b0\u1eddng kh\u1eafc nghi\u1ec7t nh\u01b0 tr\u1ee5c l\u0103ng trong nh\u00e0 m\u00e1y luy\u1ec7n th\u00e9p, tr\u1ee5 c\u00e1p \u0111i\u1ec7n vi\u1ec5n th\u00f4ng , Nh\u00e0 m\u00e1y Xi m\u0103ng&#8230;<\/p>\n<p style=\"text-align: left;\">&#8211; M\u1ee1 hi\u1ec7u Su\u1ea5t Cao cho B\u1ea3o D\u01b0\u1ee1ng V\u00f2ng Bi \u1edf B\u00e1nh Xe \u0111\u1ebfn 50.000 km H\u01b0\u1edbng d\u1eabn b\u1ea3o qu\u1ea3n v\u00e0 s\u1eed d\u1ee5ng.<\/p>\n<p style=\"text-align: left;\">&#8211; Nh\u1eefng \u1ee9ng d\u1ee5ng c\u00f3 nhi\u1ec7t \u0111\u1ed9 ho\u1ea1t \u0111\u1ed9ng li\u00ean t\u1ee5c tr\u00ean 180C c\u1ea7n \u0111\u01b0\u1ee3c tra m\u1ee1 th\u01b0\u1eddng xuy\u00ean, c\u1ea7n thi\u1ebft l\u1eadp th\u1eddi h\u1ea1n thay m\u1ee1 th\u00edch h\u1ee3p v\u1edbi t\u1eebng lo\u1ea1i thi\u1ebft b\u1ecb v\u00e0 \u0111i\u1ec1u ki\u1ec7n l\u00e0m vi\u1ec7c kh\u00e1c nhau.<\/p>\n<p style=\"text-align: left;\">&#8211; B\u1ea3o qu\u1ea3n n\u01a1i kh\u00f4 r\u00e1o, tho\u00e1ng m\u00e1t, tr\u00e1nh \u00e1nh n\u1eafng tr\u1ef1c ti\u1ebfp. \u0110\u1ec3 xa t\u1ea7m tay tr\u1ebb em<\/p>\n\n<p><\/p><\/div><\/div><\/div><\/div><\/div>\n\n<div class=\"wp-block-kadence-pane kt-accordion-pane kt-accordion-pane-14 kt-pane_83e8f0-40\"><div class=\"kt-accordion-header-wrap\"><button class=\"kt-blocks-accordion-header kt-acccordion-button-label-show\"><span class=\"kt-blocks-accordion-title-wrap\"><span class=\"kt-blocks-accordion-title\"><strong>TH\u00d4NG S\u1ed0 K\u1ef8 THU\u1eacT<\/strong><\/span><\/span><span class=\"kt-blocks-accordion-icon-trigger\"><\/span><\/button><\/div><div class=\"kt-accordion-panel kt-accordion-panel-hidden\"><div class=\"kt-accordion-panel-inner\"><div class=\"wp-block-group\"><div class=\"wp-block-group__inner-container is-layout-flow wp-block-group-is-layout-flow\"><div class=\"wp-block-group\"><div class=\"wp-block-group__inner-container is-layout-flow wp-block-group-is-layout-flow\"><style>.kt-tabs-id_521c20-6f > .kt-tabs-content-wrap > .wp-block-kadence-tab{border-top-width:3px;border-right-width:0px;border-bottom-width:0px;border-left-width:0px;border-color:#00ad1d;border-top-left-radius:0px;border-top-right-radius:0px;border-bottom-right-radius:0px;border-bottom-left-radius:0px;padding-top:1px;padding-right:1px;padding-bottom:1px;padding-left:1px;background:#ffffff;}.wp-block-kadence-tabs .kt-tabs-id_521c20-6f > .kt-tabs-title-list li{margin-top:0px;margin-right:8px;margin-bottom:0px;margin-left:0px;}.wp-block-kadence-tabs .kt-tabs-id_521c20-6f > .kt-tabs-title-list li:last-child{margin-right:0px;}.wp-block-kadence-tabs .kt-tabs-id_521c20-6f > .kt-tabs-title-list li .kt-tab-title, .wp-block-kadence-tabs .kt-tabs-id_521c20-6f > .kt-tabs-content-wrap > .kt-tabs-accordion-title .kt-tab-title{line-height:1em;font-weight:regular;font-style:normal;border-top-width:0px;border-right-width:0px;border-bottom-width:0px;border-left-width:0px;border-top-left-radius:4px;border-top-right-radius:4px;border-bottom-right-radius:0px;border-bottom-left-radius:0px;padding-top:8px;padding-right:20px;padding-bottom:8px;padding-left:20px;border-color:#eeeeee;color:#222222;background:#eeeeee;}.wp-block-kadence-tabs .kt-tabs-id_521c20-6f > .kt-tabs-content-wrap > .kt-tabs-accordion-title .kt-tab-title{margin-top:0px;margin-right:8px;margin-bottom:0px;margin-left:0px;}.wp-block-kadence-tabs .kt-tabs-id_521c20-6f > .kt-tabs-title-list li .kt-tab-title:hover, .wp-block-kadence-tabs .kt-tabs-id_521c20-6f > .kt-tabs-content-wrap > .kt-tabs-accordion-title .kt-tab-title:hover{border-color:#eeeeee;color:#ffffff;background:#00ad1d;}.wp-block-kadence-tabs .kt-tabs-id_521c20-6f > .kt-tabs-title-list li.kt-tab-title-active .kt-tab-title, .wp-block-kadence-tabs .kt-tabs-id_521c20-6f > .kt-tabs-content-wrap > .kt-tabs-accordion-title.kt-tab-title-active .kt-tab-title{border-color:#eeeeee;color:#ffffff;background:#00ad1d;}<\/style>\n<div class=\"wp-block-kadence-tabs alignnone\"><div class=\"kt-tabs-wrap kt-tabs-id_521c20-6f kt-tabs-has-3-tabs kt-active-tab-1 kt-tabs-layout-tabs kt-tabs-tablet-layout-inherit kt-tabs-mobile-layout-accordion kt-tab-alignment-left kt-create-accordion\" style=\"max-width:none\"><ul class=\"kt-tabs-title-list\"><li id=\"tab-thngtinsnphm\" class=\"kt-title-item kt-title-item-1 kt-tabs-svg-show-always kt-tabs-icon-side-right kt-tab-title-active\"><a href=\"#tab-thngtinsnphm\" data-tab=\"1\" class=\"kt-tab-title kt-tab-title-1\"><span class=\"kt-title-text\">TH\u00d4NG TIN S\u1ea2N PH\u1ea8M<\/span><\/a><\/li><li id=\"tab-thngtinkthut\" class=\"kt-title-item kt-title-item-2 kt-tabs-svg-show-always kt-tabs-icon-side-right kt-tab-title-inactive\"><a href=\"#tab-thngtinkthut\" data-tab=\"2\" class=\"kt-tab-title kt-tab-title-2\"><span class=\"kt-title-text\">TH\u00d4NG TIN K\u1ef8 THU\u1eacT<\/span><\/a><\/li><li id=\"tab-xutxvbohnh\" class=\"kt-title-item kt-title-item-3 kt-tabs-svg-show-always kt-tabs-icon-side-right kt-tab-title-inactive\"><a href=\"#tab-xutxvbohnh\" data-tab=\"3\" class=\"kt-tab-title kt-tab-title-3\"><span class=\"kt-title-text\">XU\u1ea4T X\u1ee8 V\u00c0 B\u1ea2O H\u00c0NH<\/span><\/a><\/li><\/ul><div class=\"kt-tabs-content-wrap\"><div class=\"wp-block-kadence-tab kt-tab-inner-content kt-inner-tab-1 kt-inner-tab_5d5680-13\"><div class=\"kt-tab-inner-content-inner\"><div class=\"wp-block-columns is-layout-flex wp-container-core-columns-is-layout-1 wp-block-columns-is-layout-flex\"><div class=\"wp-block-column is-layout-flow wp-block-column-is-layout-flow\" style=\"flex-basis:100%\"><div class=\"wp-block-group\"><div class=\"wp-block-group__inner-container is-layout-flow wp-block-group-is-layout-flow\"><figure class=\"wp-block-table is-style-regular\"><table><tbody><tr><td><strong>Lo\u1ea1i s\u1ea3n ph\u1ea9m<\/strong>:<\/td><td>M\u1ee1 b\u00f4i tr\u01a1n<\/td><\/tr><tr><td><strong>Model<\/strong>:<\/td><td>TVG-N-WAX-BL<\/td><\/tr><tr><td><strong>M\u00e3 s\u1ea3n ph\u1ea9m<\/strong>:<\/td><td>6195409019<\/td><\/tr><tr><td><strong>M\u00e0u s\u1eafc<\/strong>:<\/td><td>Xanh \u0111\u1eadm<\/td><\/tr><\/tbody><\/table><\/figure><\/div><\/div><\/div><\/div><\/div><\/div>\n\n<div class=\"wp-block-kadence-tab kt-tab-inner-content kt-inner-tab-2 kt-inner-tab_63bd90-75\"><div class=\"kt-tab-inner-content-inner\"><figure class=\"wp-block-table\"><table><tbody><tr><td><strong>G\u1ed1c l\u00e0m \u0111\u1eb7c<\/strong>:<\/td><td>Lithium Complex<\/td><\/tr><tr><td><strong>Kh\u1ea3 n\u0103ng ch\u1ecbu n\u01b0\u1edbc, 79.4oC, %:<\/strong> <\/td><td>2,4<\/td><\/tr><tr><td><strong><strong>Ch\u1ec9 s\u1ed1 NLGI:<\/strong><\/strong><\/td><td>3<\/td><\/tr><tr><td><strong>\u0110i\u1ec3m nh\u1ecf gi\u1ecdt:<\/strong><\/td><td>&lt; 270\u00b0C<\/td><\/tr><tr><td><strong>\u0110\u1ed9 \u0103n m\u00f2n t\u1ea5m \u0111\u1ed3ng 100&#8217;C, 24 gi\u1edd:<\/strong><\/td><td>1a<\/td><\/tr><tr><td><strong>\u0110\u1ed9 l\u00fan kim 60 \u2013 10 000, 1\/10mm:<\/strong><\/td><td>230 \u2013 250<\/td><\/tr><tr><td><strong>\u0110\u1ed9 \u1ed5n \u0111\u1ecbnh oxy ho\u00e1 ,100 gi\u1edd, gi\u1ea3m \u00e1p su\u1ea5t, psi:<\/strong><\/td><td>4.2<\/td><\/tr><tr><td><strong>Nhi\u1ec7t \u0111\u1ed9 ho\u1ea1t \u0111\u1ed9ng li\u00ean t\u1ee5c:<\/strong><\/td><td>-200C ~ 180C<\/td><\/tr><tr><td><strong>Tr\u1ecdng l\u01b0\u1ee3ng:<\/strong><\/td><td>454 Gam<\/td><\/tr><tr><td><strong>K\u00edch th\u01b0\u1edbc s\u1ea3n ph\u1ea9m:<\/strong><\/td><td>D\u00e0i: 105mm &#8211; R\u1ed9ng: 105mm &#8211; Cao: 95mm<\/td><\/tr><tr><td><strong>K\u00edch th\u01b0\u1edbc bao b\u00ec:<\/strong><\/td><td>D\u00e0i: 110mm &#8211; R\u1ed9ng: 110mm &#8211; Cao: 100mm<\/td><\/tr><tr><td><\/td><td><\/td><\/tr><\/tbody><\/table><\/figure><\/div><\/div>\n\n<div class=\"wp-block-kadence-tab kt-tab-inner-content kt-inner-tab-3 kt-inner-tab_651819-fe\"><div class=\"kt-tab-inner-content-inner\"><figure class=\"wp-block-table\"><table><tbody><tr><td><strong>S\u1ea3n xu\u1ea5t b\u1ee1i:<\/strong><\/td><td>C\u00f4ng Ty C\u1ed5 Ph\u1ea7n T\u1eadp \u0110o\u00e0n \u0110\u1ea7u T\u01b0 Thu\u1eadn Vi\u1ec7t<\/td><\/tr><tr><td><strong>S\u1ea3n xu\u1ea5t t\u1ea1i:<\/strong><\/td><td>Vi\u1ec7t Nam<\/td><\/tr><tr><td><strong><strong>Th\u01b0\u01a1ng Hi\u1ec7u:<\/strong><\/strong><\/td><td>TVG<\/td><\/tr><tr><td><strong><strong>B\u1ea3o h\u00e0nh:<\/strong><\/strong><\/td><td>Kh\u00f4ng b\u1ea3o hi\u1ec3m<\/td><\/tr><\/tbody><\/table><\/figure><\/div><\/div><\/div><\/div><\/div><\/div><\/div><\/div><\/div><\/div><\/div><\/div><\/div><\/div><\/div><\/div><\/div><\/div><\/div><\/section><div style=\"margin: 20px 0;\"><div class=\"qrcswholewtapper\" style=\"text-align:left;\"><div class=\"qrcprowrapper\"  id=\"qrcwraa2leds\"><div class=\"qrc_canvass\" id=\"qrc_cuttenpages_2\" style=\"display:inline-block\" data-text=\"https:\/\/check-qrcode.com\/en\/6195409019\/\"><\/div><\/div><\/div><\/div>","protected":false},"excerpt":{"rendered":"","protected":false},"featured_media":12765,"template":"","meta":{"_kadence_starter_templates_imported_post":false},"product_cat":[345,344],"product_tag":[],"class_list":{"0":"post-12761","1":"product","2":"type-product","3":"status-publish","4":"has-post-thumbnail","6":"product_cat-mo-boi-tron","7":"product_cat-san-pham-cong-nghiep","8":"pa_model-tvg-n-wax-bl","10":"first","11":"instock","12":"shipping-taxable","13":"product-type-simple"},"_links":{"self":[{"href":"https:\/\/check-qrcode.com\/en\/wp-json\/wp\/v2\/product\/12761","targetHints":{"allow":["GET"]}}],"collection":[{"href":"https:\/\/check-qrcode.com\/en\/wp-json\/wp\/v2\/product"}],"about":[{"href":"https:\/\/check-qrcode.com\/en\/wp-json\/wp\/v2\/types\/product"}],"version-history":[{"count":8,"href":"https:\/\/check-qrcode.com\/en\/wp-json\/wp\/v2\/product\/12761\/revisions"}],"predecessor-version":[{"id":12802,"href":"https:\/\/check-qrcode.com\/en\/wp-json\/wp\/v2\/product\/12761\/revisions\/12802"}],"wp:featuredmedia":[{"embeddable":true,"href":"https:\/\/check-qrcode.com\/en\/wp-json\/wp\/v2\/media\/12765"}],"wp:attachment":[{"href":"https:\/\/check-qrcode.com\/en\/wp-json\/wp\/v2\/media?parent=12761"}],"wp:term":[{"taxonomy":"product_cat","embeddable":true,"href":"https:\/\/check-qrcode.com\/en\/wp-json\/wp\/v2\/product_cat?post=12761"},{"taxonomy":"product_tag","embeddable":true,"href":"https:\/\/check-qrcode.com\/en\/wp-json\/wp\/v2\/product_tag?post=12761"}],"curies":[{"name":"wp","href":"https:\/\/api.w.org\/{rel}","templated":true}]}}