{"id":12504,"date":"2021-11-09T17:24:15","date_gmt":"2021-11-09T10:24:15","guid":{"rendered":"https:\/\/check-qrcode.com\/?post_type=product&#038;p=12504"},"modified":"2022-01-13T12:28:59","modified_gmt":"2022-01-13T05:28:59","slug":"6195400092","status":"publish","type":"product","link":"https:\/\/check-qrcode.com\/en\/6195400092\/","title":{"rendered":"Y\u1ebfn nguy\u00ean t\u1ed5 c\u00f2n l\u00f4ng TVG-YTCL100G"},"content":{"rendered":"<style>#kt-layout-id_c021bd-ae > .kt-row-column-wrap{align-content:start;}:where(#kt-layout-id_c021bd-ae > .kt-row-column-wrap) > .wp-block-kadence-column{justify-content:start;}#kt-layout-id_c021bd-ae > .kt-row-column-wrap{column-gap:var(--global-kb-gap-md, 2rem);row-gap:var(--global-kb-gap-md, 2rem);max-width:var(--wp--style--global--content-size);padding-top:var( --global-kb-row-default-top, 25px );padding-bottom:var( --global-kb-row-default-bottom, 25px );padding-top:5px;padding-bottom:5px;grid-template-columns:minmax(0, 1fr);}#kt-layout-id_c021bd-ae > .kt-row-layout-overlay{opacity:0.30;}#kt-layout-id_c021bd-ae .kt-row-layout-bottom-sep{height:30px;}#kt-layout-id_c021bd-ae .kt-row-layout-bottom-sep svg{width:100%;}#kt-layout-id_c021bd-ae .kt-row-layout-bottom-sep svg{fill:#14539a!important;}#kt-layout-id_c021bd-ae .kt-row-layout-top-sep{height:30px;}#kt-layout-id_c021bd-ae .kt-row-layout-top-sep svg{width:100%;}#kt-layout-id_c021bd-ae .kt-row-layout-top-sep svg{fill:#14539a!important;}@media all and (max-width: 1024px){#kt-layout-id_c021bd-ae > .kt-row-column-wrap{grid-template-columns:minmax(0, 1fr);}}@media all and (max-width: 1024px){#kt-layout-id_c021bd-ae .kt-row-layout-bottom-sep{height:px;}}@media all and (max-width: 1024px){#kt-layout-id_c021bd-ae .kt-row-layout-bottom-sep svg{width:%;}}@media all and (max-width: 767px){#kt-layout-id_c021bd-ae > .kt-row-column-wrap{grid-template-columns:minmax(0, 1fr);}#kt-layout-id_c021bd-ae .kt-row-layout-bottom-sep{height:px;}#kt-layout-id_c021bd-ae .kt-row-layout-bottom-sep svg{width:%;}}<\/style>\n<section class=\"wp-block-kadence-rowlayout alignnone\"><div id=\"kt-layout-id_c021bd-ae\" class=\"kt-row-layout-inner kt-layout-id_c021bd-ae\"><div class=\"kt-row-column-wrap kt-has-1-columns kt-gutter-default kt-v-gutter-default kt-row-valign-top kt-row-layout-equal kt-tab-layout-inherit kt-m-colapse-left-to-right kt-mobile-layout-row kb-theme-content-width\"><style>.kadence-column_ee8a44-24 > .kt-inside-inner-col{border-top-width:0px;border-right-width:0px;border-bottom-width:0px;border-left-width:0px;}.kadence-column_ee8a44-24 > .kt-inside-inner-col,.kadence-column_ee8a44-24 > .kt-inside-inner-col:before{border-top-left-radius:0px;border-top-right-radius:0px;border-bottom-right-radius:0px;border-bottom-left-radius:0px;}.kadence-column_ee8a44-24 > .kt-inside-inner-col{column-gap:var(--global-kb-gap-sm, 1rem);}.kadence-column_ee8a44-24 > .kt-inside-inner-col{flex-direction:column;}.kadence-column_ee8a44-24 > .kt-inside-inner-col > .aligncenter{width:100%;}.kadence-column_ee8a44-24 > .kt-inside-inner-col:before{opacity:0.3;}.kadence-column_ee8a44-24{position:relative;}@media all and (max-width: 1024px){.kadence-column_ee8a44-24 > .kt-inside-inner-col{flex-direction:column;}}@media all and (max-width: 767px){.kadence-column_ee8a44-24 > .kt-inside-inner-col{flex-direction:column;}}<\/style>\n<div class=\"wp-block-kadence-column inner-column-1 kadence-column_ee8a44-24\"><div class=\"kt-inside-inner-col\"><style>.kt-accordion-id_416a76-cf .kt-accordion-inner-wrap{column-gap:var(--global-kb-gap-md, 2rem);row-gap:10px;}.kt-accordion-id_416a76-cf .kt-accordion-panel-inner{background:#fff;padding-top:19px;padding-right:19px;padding-bottom:19px;padding-left:19px;}.kt-accordion-id_416a76-cf .wp-block-kadence-pane .kt-accordion-header-wrap .kt-blocks-accordion-header{border-top-color:#eeeeee;border-right-color:#eeeeee;border-bottom-color:#eeeeee;border-left-color:#eeeeee;border-top-width:1px;border-right-width:1px;border-bottom-width:1px;border-left-width:2px;border-top-left-radius:0px;border-top-right-radius:0px;border-bottom-right-radius:0px;border-bottom-left-radius:0px;background:#14539a;font-size:14px;line-height:26px;color:#ffffff;padding-top:5px;padding-right:14px;padding-bottom:5px;padding-left:14px;}.kt-accordion-id_416a76-cf:not( .kt-accodion-icon-style-basiccircle ):not( .kt-accodion-icon-style-xclosecircle ):not( .kt-accodion-icon-style-arrowcircle ) .kt-blocks-accordion-icon-trigger:after, .kt-accordion-id_416a76-cf:not( .kt-accodion-icon-style-basiccircle ):not( .kt-accodion-icon-style-xclosecircle ):not( .kt-accodion-icon-style-arrowcircle ) .kt-blocks-accordion-icon-trigger:before{background:#ffffff;}.kt-accordion-id_416a76-cf:not( .kt-accodion-icon-style-basic ):not( .kt-accodion-icon-style-xclose ):not( .kt-accodion-icon-style-arrow ) .kt-blocks-accordion-icon-trigger{background:#ffffff;}.kt-accordion-id_416a76-cf:not( .kt-accodion-icon-style-basic ):not( .kt-accodion-icon-style-xclose ):not( .kt-accodion-icon-style-arrow ) .kt-blocks-accordion-icon-trigger:after, .kt-accordion-id_416a76-cf:not( .kt-accodion-icon-style-basic ):not( .kt-accodion-icon-style-xclose ):not( .kt-accodion-icon-style-arrow ) .kt-blocks-accordion-icon-trigger:before{background:#14539a;}.kt-accordion-id_416a76-cf .kt-accordion-header-wrap .kt-blocks-accordion-header:hover, body:not(.hide-focus-outline) .kt-accordion-id_416a76-cf .kt-accordion-header-wrap .kt-blocks-accordion-header:focus-visible{color:#ffffff;background:#00ad1d;border-top-color:#d4d4d4;border-right-color:#d4d4d4;border-bottom-color:#d4d4d4;border-left-color:#d4d4d4;}.kt-accordion-id_416a76-cf:not( .kt-accodion-icon-style-basiccircle ):not( .kt-accodion-icon-style-xclosecircle ):not( .kt-accodion-icon-style-arrowcircle ) .kt-blocks-accordion-header:hover .kt-blocks-accordion-icon-trigger:after, .kt-accordion-id_416a76-cf:not( .kt-accodion-icon-style-basiccircle ):not( .kt-accodion-icon-style-xclosecircle ):not( .kt-accodion-icon-style-arrowcircle ) .kt-blocks-accordion-header:hover .kt-blocks-accordion-icon-trigger:before, body:not(.hide-focus-outline) .kt-accordion-id_416a76-cf:not( .kt-accodion-icon-style-basiccircle ):not( .kt-accodion-icon-style-xclosecircle ):not( .kt-accodion-icon-style-arrowcircle ) .kt-blocks-accordion--visible .kt-blocks-accordion-icon-trigger:after, body:not(.hide-focus-outline) .kt-accordion-id_416a76-cf:not( .kt-accodion-icon-style-basiccircle ):not( .kt-accodion-icon-style-xclosecircle ):not( .kt-accodion-icon-style-arrowcircle ) .kt-blocks-accordion-header:focus-visible .kt-blocks-accordion-icon-trigger:before{background:#ffffff;}.kt-accordion-id_416a76-cf:not( .kt-accodion-icon-style-basic ):not( .kt-accodion-icon-style-xclose ):not( .kt-accodion-icon-style-arrow ) .kt-blocks-accordion-header:hover .kt-blocks-accordion-icon-trigger, body:not(.hide-focus-outline) .kt-accordion-id_416a76-cf:not( .kt-accodion-icon-style-basic ):not( .kt-accodion-icon-style-xclose ):not( .kt-accodion-icon-style-arrow ) .kt-blocks-accordion-header:focus-visible .kt-blocks-accordion-icon-trigger{background:#ffffff;}.kt-accordion-id_416a76-cf:not( .kt-accodion-icon-style-basic ):not( .kt-accodion-icon-style-xclose ):not( .kt-accodion-icon-style-arrow ) .kt-blocks-accordion-header:hover .kt-blocks-accordion-icon-trigger:after, .kt-accordion-id_416a76-cf:not( .kt-accodion-icon-style-basic ):not( .kt-accodion-icon-style-xclose ):not( .kt-accodion-icon-style-arrow ) .kt-blocks-accordion-header:hover .kt-blocks-accordion-icon-trigger:before, body:not(.hide-focus-outline) .kt-accordion-id_416a76-cf:not( .kt-accodion-icon-style-basic ):not( .kt-accodion-icon-style-xclose ):not( .kt-accodion-icon-style-arrow ) .kt-blocks-accordion-header:focus-visible .kt-blocks-accordion-icon-trigger:after, body:not(.hide-focus-outline) .kt-accordion-id_416a76-cf:not( .kt-accodion-icon-style-basic ):not( .kt-accodion-icon-style-xclose ):not( .kt-accodion-icon-style-arrow ) .kt-blocks-accordion-header:focus-visible .kt-blocks-accordion-icon-trigger:before{background:#00ad1d;}.kt-accordion-id_416a76-cf .kt-accordion-header-wrap .kt-blocks-accordion-header:focus-visible, .kt-accordion-id_416a76-cf .kt-accordion-header-wrap .kt-blocks-accordion-header.kt-accordion-panel-active{color:#ffffff;background:#00ad1d;border-top-color:#eee;border-right-color:#eee;border-bottom-color:#eee;border-left-color:#0e9cd1;}.kt-accordion-id_416a76-cf:not( .kt-accodion-icon-style-basiccircle ):not( .kt-accodion-icon-style-xclosecircle ):not( .kt-accodion-icon-style-arrowcircle ) .kt-blocks-accordion-header.kt-accordion-panel-active .kt-blocks-accordion-icon-trigger:after, .kt-accordion-id_416a76-cf:not( .kt-accodion-icon-style-basiccircle ):not( .kt-accodion-icon-style-xclosecircle ):not( .kt-accodion-icon-style-arrowcircle ) .kt-blocks-accordion-header.kt-accordion-panel-active .kt-blocks-accordion-icon-trigger:before{background:#ffffff;}.kt-accordion-id_416a76-cf:not( .kt-accodion-icon-style-basic ):not( .kt-accodion-icon-style-xclose ):not( .kt-accodion-icon-style-arrow ) .kt-blocks-accordion-header.kt-accordion-panel-active .kt-blocks-accordion-icon-trigger{background:#ffffff;}.kt-accordion-id_416a76-cf:not( .kt-accodion-icon-style-basic ):not( .kt-accodion-icon-style-xclose ):not( .kt-accodion-icon-style-arrow ) .kt-blocks-accordion-header.kt-accordion-panel-active .kt-blocks-accordion-icon-trigger:after, .kt-accordion-id_416a76-cf:not( .kt-accodion-icon-style-basic ):not( .kt-accodion-icon-style-xclose ):not( .kt-accodion-icon-style-arrow ) .kt-blocks-accordion-header.kt-accordion-panel-active .kt-blocks-accordion-icon-trigger:before{background:#00ad1d;}@media all and (max-width: 767px){.kt-accordion-id_416a76-cf .kt-accordion-inner-wrap{display:block;}.kt-accordion-id_416a76-cf .kt-accordion-inner-wrap .kt-accordion-pane:not(:first-child){margin-top:10px;}}<\/style>\n<div class=\"wp-block-kadence-accordion alignnone\"><div class=\"kt-accordion-wrap kt-accordion-wrap kt-accordion-id_416a76-cf kt-accordion-has-19-panes kt-active-pane-0 kt-accordion-block kt-pane-header-alignment-left kt-accodion-icon-style-arrowcircle kt-accodion-icon-side-right\" style=\"max-width:none\"><div class=\"kt-accordion-inner-wrap\" data-allow-multiple-open=\"false\" data-start-open=\"none\"><div class=\"wp-block-kadence-pane kt-accordion-pane kt-accordion-pane-16 kt-pane_89736f-65\"><div class=\"kt-accordion-header-wrap\"><button class=\"kt-blocks-accordion-header kt-acccordion-button-label-show\"><span class=\"kt-blocks-accordion-title-wrap\"><span class=\"kt-blocks-accordion-title\"><strong><strong>C\u00f4ng d\u1ee5ng c\u1ee7a t\u1ed5 y\u1ebfn th\u00f4<\/strong><\/strong>:<\/span><\/span><span class=\"kt-blocks-accordion-icon-trigger\"><\/span><\/button><\/div><div class=\"kt-accordion-panel kt-accordion-panel-hidden\"><div class=\"kt-accordion-panel-inner\"><ul class=\"wp-block-list\"><li>T\u0103ng s\u1ee9c \u0111\u1ec1 kh\u00e1ng, gi\u1ea3m thi\u1ec3u b\u1ec7nh t\u1eadt<\/li><li>C\u1ee7ng c\u1ed1, t\u0103ng c\u01b0\u1eddng ho\u1ea1t \u0111\u1ed9ng h\u1ec7 h\u00f4 h\u1ea5p, ti\u00eau h\u00f3a, gan<\/li><li>Ph\u1ee5c h\u1ed3i nhanh ch\u00f3ng sau b\u1ec7nh, sau sinh, sau ph\u1eabu thu\u1eadt<\/li><li>Gi\u00fap ng\u01b0\u1eddi g\u1ea7y y\u1ebfu \u0103n ngon mi\u1ec7ng h\u01a1n, ng\u01b0\u1eddi m\u1eadp kh\u00f4ng b\u1ecb t\u0103ng c\u00e2n khi \u0103n y\u1ebfn.<\/li><li>T\u0103ng tr\u00ed nh\u1edb, gi\u1ea3m c\u0103ng th\u1eb3ng, stress cho ng\u01b0\u1eddi l\u00e0m vi\u1ec7c nhi\u1ec1u, suy nh\u01b0\u1ee3c<\/li><li>Gi\u1ea3m nguy c\u01a1 ti\u1ec1n s\u1ea3n gi\u1eadt, khuy\u1ebft t\u1eadt thai nhi cho ph\u1ee5 n\u1eef mang thai<\/li><li>T\u0103ng ch\u1ea5t v\u00e0 l\u01b0\u1ee3ng s\u1eefa m\u1eb9 cho ph\u1ee5 n\u1eef cho con b\u00fa<\/li><li>Ch\u1ed1ng l\u00e3o h\u00f3a, \u0111\u1eb9p da, \u0111\u1eb9p d\u00e1ng<\/li><li>\u0110i\u1ec1u ch\u1ec9nh l\u01b0\u1ee3ng \u0111\u01b0\u1eddng trong m\u00e1u.<\/li><li>Ph\u00f2ng ch\u1ed1ng tho\u00e1i h\u00f3a kh\u1edbp, vi\u00eam kh\u1edbp<\/li><\/ul><\/div><\/div><\/div>\n\n<div class=\"wp-block-kadence-pane kt-accordion-pane kt-accordion-pane-18 kt-pane_b54f1a-e6\"><div class=\"kt-accordion-header-wrap\"><button class=\"kt-blocks-accordion-header kt-acccordion-button-label-show\"><span class=\"kt-blocks-accordion-title-wrap\"><span class=\"kt-blocks-accordion-title\"><strong><strong>\u0110\u1ed1i t\u01b0\u1ee3ng s\u1eed d\u1ee5ng t\u1ed5 y\u1ebfn th\u00f4<\/strong>:<\/strong><\/span><\/span><span class=\"kt-blocks-accordion-icon-trigger\"><\/span><\/button><\/div><div class=\"kt-accordion-panel kt-accordion-panel-hidden\"><div class=\"kt-accordion-panel-inner\"><ul class=\"wp-block-list\"><li>Tr\u1ebb t\u1eeb 1 tu\u1ed5i, \u0111\u1eb7c bi\u1ec7t l\u00e0 tr\u1ebb c\u00f2i c\u1ecdc, bi\u1ebfng \u0103n, suy dinh d\u01b0\u1ee1ng, m\u1edbi b\u1ec7nh d\u1eady.<\/li><li>Ph\u1ee5 n\u1eef mang thai, sau sinh.<\/li><li>Ng\u01b0\u1eddi l\u00e0m ho\u1ea1t \u0111\u1ed9ng tr\u00ed \u00f3c\/th\u1ec3 ch\u1ea5t nhi\u1ec1u, c\u0103ng th\u1eb3ng, suy nh\u01b0\u1ee3c<\/li><li>Ng\u01b0\u1eddi gi\u00e0, ng\u01b0\u1eddi b\u1ec7nh, ng\u01b0\u1eddi m\u1edbi ph\u1eabu thu\u1eadt.<\/li><li>T\u1ea5t c\u1ea3 m\u1ecdi ng\u01b0\u1eddi c\u1ea7n b\u1ed5 sung v\u00e0 duy tr\u00ec s\u1ee9c kho\u1ebb, s\u1ee9c \u0111\u1ec1 kh\u00e1ng, duy tr\u00ec v\u1ebb \u0111\u1eb9p c\u1ee7a l\u00e0n da.<\/li><li>V\u00ec c\u1ea7n ph\u1ea3i nh\u1eb7t l\u00f4ng tr\u01b0\u1edbc khi ch\u1ebf bi\u1ebfn n\u00ean d\u00f2ng n\u00e0y h\u1ee3p v\u1edbi nh\u1eefng ng\u01b0\u1eddi c\u00f3 th\u1eddi gian r\u1ea3nh r\u1ed7i<\/li><\/ul><\/div><\/div><\/div>\n\n<div class=\"wp-block-kadence-pane kt-accordion-pane kt-accordion-pane-15 kt-pane_ab922b-6a\"><div class=\"kt-accordion-header-wrap\"><button class=\"kt-blocks-accordion-header kt-acccordion-button-label-show\"><span class=\"kt-blocks-accordion-title-wrap\"><span class=\"kt-blocks-accordion-title\"><strong><strong>H\u01b0\u1edbng d\u1eabn nh\u1eb7t l\u00f4ng y\u1ebfn s\u00e0o th\u00f4<\/strong>:<\/strong><\/span><\/span><span class=\"kt-blocks-accordion-icon-trigger\"><\/span><\/button><\/div><div class=\"kt-accordion-panel kt-accordion-panel-hidden\"><div class=\"kt-accordion-panel-inner\"><ul class=\"wp-block-list\"><li>B\u01b0\u1edbc 1: Ng\u00e2m cho t\u1ed5 y\u1ebfn n\u1edf ra<\/li><li>B\u01b0\u1edbc 2: Cho t\u1ed5 y\u1ebfn v\u00e0o r\u00e2y, \u0111\u1ec3 d\u01b0\u1edbi v\u00f2i n\u01b0\u1edbc m\u1ea1nh \u0111\u1ec3 tr\u00f4i \u0111i b\u1ee5i b\u1ea9n v\u00e0 c\u00e1c l\u00f4ng l\u1edbn.<\/li><li>B\u01b0\u1edbc 3: T\u00e1ch t\u1ed5 y\u1ebfn ra th\u00e0nh 2 ph\u1ea7n: ph\u1ea7n s\u1ee3i d\u00e0i v\u00e0 ph\u1ea7n b\u1ee5ng x\u01a1 m\u01b0\u1edbp \u0111\u1ec3 d\u1ec5 nh\u1eb7t<\/li><li>B\u01b0\u1edbc 4: D\u00f9ng nh\u00edp chuy\u00ean d\u1ee5ng nh\u1eb7t h\u1ebft c\u00e1c l\u00f4ng con, v\u1ecf tr\u1ee9ng (n\u1ebfu c\u00f3) ra kh\u1ecfi c\u00e1c s\u1ee3i y\u1ebfn.<\/li><li>B\u01b0\u1edbc 5: V\u1eaft th\u1eadt kh\u00f4, chia nh\u1ecf, cho v\u00e0o c\u00e1c t\u00fai zip nh\u1ecf b\u1ea3o qu\u1ea3n ng\u0103n \u0111\u00f4ng s\u1eed d\u1ee5ng d\u1ea7n. (y\u1ebfn l\u00fac n\u00e0y g\u1ecdi l\u00e0 y\u1ebfn t\u01b0\u01a1i)<\/li><\/ul><\/div><\/div><\/div>\n\n<div class=\"wp-block-kadence-pane kt-accordion-pane kt-accordion-pane-19 kt-pane_0cef24-ea\"><div class=\"kt-accordion-header-wrap\"><button class=\"kt-blocks-accordion-header kt-acccordion-button-label-show\"><span class=\"kt-blocks-accordion-title-wrap\"><span class=\"kt-blocks-accordion-title\"><strong><strong>H\u00e0m l\u01b0\u1ee3ng s\u1eed d\u1ee5ng<\/strong><\/strong>:<\/span><\/span><span class=\"kt-blocks-accordion-icon-trigger\"><\/span><\/button><\/div><div class=\"kt-accordion-panel kt-accordion-panel-hidden\"><div class=\"kt-accordion-panel-inner\"><ul class=\"wp-block-list\"><li>Tr\u1ebb t\u1eeb 1-3 tu\u1ed5i: 6 \u2013 7gr y\u1ebfn t\u01b0\u01a1i \/l\u1ea7n d\u00f9ng \u2013 s\u1eed d\u1ee5ng c\u00e1ch ng\u00e0y (90 \u2013 105gr\/th\u00e1ng)<\/li><li>Tr\u1ebb t\u1eeb 4 \u2013 10 tu\u1ed5i: 6-7gr y\u1ebfn t\u01b0\u01a1i\/l\u1ea7n d\u00f9ng \u2013 s\u1eed d\u1ee5ng h\u00e0ng ng\u00e0y ho\u1eb7c c\u00e1ch ng\u00e0y (90 \u2013 210gr\/th\u00e1ng)<em>Tr\u1ebb em c\u00f2i c\u1ecdc, suy dinh d\u01b0\u1ee1ng, ch\u1eadm l\u1edbn, c\u1ea7n h\u1ed3i ph\u1ee5c sau b\u1ec7nh \u0111\u01b0\u1ee3c khuy\u00ean d\u00f9ng y\u1ebfn s\u00e0o h\u00e0ng ng\u00e0y&nbsp;<\/em><\/li><li>Tr\u1ebb t\u1eeb 10 tu\u1ed5i ho\u1eb7c ng\u01b0\u1eddi l\u1edbn: 10gr\/l\u1ea7n d\u00f9ng \u2013 s\u1eed d\u1ee5ng h\u00e0ng ng\u00e0y ho\u1eb7c c\u00e1ch ng\u00e0y (150gr \u2013 300gr\/th\u00e1ng)<em>Ng\u01b0\u1eddi \u1ed1m y\u1ebfu, b\u1ec7nh t\u1eadt, c\u1ea7n h\u1ed3i ph\u1ee5c sau b\u1ec7nh, ph\u1ee5 n\u1eef mang thai, sau sinh, ng\u01b0\u1eddi sau ph\u1eabu thu\u1eadt n\u00ean s\u1eed d\u1ee5ng h\u00e0ng ng\u00e0y \u0111\u1ec3 ph\u00e1t huy t\u1ed1t hi\u1ec7u qu\u1ea3.<\/em>&nbsp;<\/li><\/ul><\/div><\/div><\/div>\n\n<div class=\"wp-block-kadence-pane kt-accordion-pane kt-accordion-pane-17 kt-pane_09dfd8-90\"><div class=\"kt-accordion-header-wrap\"><button class=\"kt-blocks-accordion-header kt-acccordion-button-label-show\"><span class=\"kt-blocks-accordion-title-wrap\"><span class=\"kt-blocks-accordion-title\"><strong><strong>H\u01b0\u1edbng d\u1eabn c\u00e1ch ch\u01b0ng y\u1ebfn s\u00e0o:<\/strong><\/strong><\/span><\/span><span class=\"kt-blocks-accordion-icon-trigger\"><\/span><\/button><\/div><div class=\"kt-accordion-panel kt-accordion-panel-hidden\"><div class=\"kt-accordion-panel-inner\"><p><strong>B\u01b0\u1edbc 1:<\/strong>&nbsp;L\u1ea5y y\u1ebfn t\u01b0\u01a1i \u0111\u00e3 nh\u1eb7t s\u1ea1ch t\u1eeb trong t\u1ee7 l\u1ea1nh, r\u00e3 \u0111\u00f4ng, h\u00e0m l\u01b0\u1ee3ng v\u1eeba \u0111\u1ee7.<\/p>\n\n<p><strong>B\u01b0\u1edbc 2:<\/strong>&nbsp;Cho v\u00e0o th\u1ed1 ch\u01b0ng, b\u1ecf th\u00eam c\u00e1c nguy\u00ean li\u1ec7u c\u00f3 s\u1eb5n tu\u1ef3 th\u00edch, cho n\u01b0\u1edbc v\u00e0o ng\u1eadp qua tai y\u1ebfn, cho th\u1ed1 v\u00e0o n\u1ed3i ch\u01b0ng c\u00e1ch thu\u1ef7.<\/p>\n\n<ul class=\"wp-block-list\"><li><em>Ri\u00eang v\u1edbi t\u00e1o t\u00e0u: n\u00ean c\u1eaft nh\u1ecf tr\u01b0\u1edbc khi cho v\u00e0o ch\u01b0ng.<\/em><\/li><\/ul>\n\n<p><strong>B\u01b0\u1edbc 3:<\/strong>&nbsp;Kho\u1ea3ng 15 ph\u00fat, cho th\u00eam \u0111\u01b0\u1eddng ph\u00e8n v\u1eeba \u0111\u1ee7 v\u00e0o th\u1ed1 ch\u01b0ng, sau 5 ph\u00fat t\u1eaft b\u1ebfp v\u00e0 th\u01b0\u1edfng th\u1ee9c.<\/p>\n\n<p><em>*M\u1eb9o: Thay v\u00ec s\u1eed d\u1ee5ng n\u01b0\u1edbc th\u01b0\u1eddng, c\u00f3 th\u1ec3 n\u1ea5u n\u01b0\u1edbc l\u00e1 d\u1ee9a \u0111\u1ec3 \u0111\u1ed5 v\u00e0o th\u1ed1 ch\u01b0ng.<\/em><\/p>\n\n<p><strong>L\u01b0u \u00fd:<\/strong><\/p>\n\n<ul class=\"wp-block-list\"><li>Kh\u00f4ng cho qu\u00e1 nhi\u1ec1u nguy\u00ean li\u1ec7u v\u00e0o th\u1ed1 y\u1ebfn, ngo\u00e0i \u0111\u01b0\u1eddng ph\u00e8n ch\u1ec9 n\u00ean s\u1eed d\u1ee5ng th\u00eam kho\u1ea3ng 1-2 nguy\u00ean li\u1ec7u \u0111\u1ec3 ch\u00e9n y\u1ebfn \u0111\u1ea1t \u0111\u1ed9 ngon nh\u1ea5t.<\/li><\/ul>\n\n<p>(1 v\u00e0i c\u00e1ch k\u1ebft h\u1ee3p: T\u00e1o-sen; Nh\u00e3n-chia; T\u00e1o-k\u1ef7 t\u1eed; Sen-nh\u00e3n; Sen-chia \u2013 h\u1ea1t sen qu\u00fd kh\u00e1ch c\u00f3 th\u1ec3 mua ngo\u00e0i)<\/p>\n\n<ul class=\"wp-block-list\"><li>Kh\u00f4ng ch\u01b0ng qu\u00e1 l\u00e2u l\u00e0m y\u1ebfn ho\u00e0 tan h\u1ebft trong n\u01b0\u1edbc.<\/li><\/ul><\/div><\/div><\/div><\/div><\/div><\/div><\/div><\/div><\/div><\/div><\/section><div style=\"margin: 20px 0;\"><div class=\"qrcswholewtapper\" style=\"text-align:left;\"><div class=\"qrcprowrapper\"  id=\"qrcwraa2leds\"><div class=\"qrc_canvass\" id=\"qrc_cuttenpages_2\" style=\"display:inline-block\" data-text=\"https:\/\/check-qrcode.com\/en\/6195400092\/\"><\/div><\/div><\/div><\/div>","protected":false},"excerpt":{"rendered":"<p>M\u00f4 t\u1ea3 ng\u1eafn&#8230;<\/p>","protected":false},"featured_media":12222,"template":"","meta":{"_kadence_starter_templates_imported_post":false},"product_cat":[48,304],"product_tag":[],"class_list":{"0":"post-12504","1":"product","2":"type-product","3":"status-publish","4":"has-post-thumbnail","6":"product_cat-thuc-pham","7":"product_cat-yen","9":"first","10":"instock","11":"shipping-taxable","12":"product-type-simple"},"_links":{"self":[{"href":"https:\/\/check-qrcode.com\/en\/wp-json\/wp\/v2\/product\/12504","targetHints":{"allow":["GET"]}}],"collection":[{"href":"https:\/\/check-qrcode.com\/en\/wp-json\/wp\/v2\/product"}],"about":[{"href":"https:\/\/check-qrcode.com\/en\/wp-json\/wp\/v2\/types\/product"}],"version-history":[{"count":2,"href":"https:\/\/check-qrcode.com\/en\/wp-json\/wp\/v2\/product\/12504\/revisions"}],"predecessor-version":[{"id":12957,"href":"https:\/\/check-qrcode.com\/en\/wp-json\/wp\/v2\/product\/12504\/revisions\/12957"}],"wp:featuredmedia":[{"embeddable":true,"href":"https:\/\/check-qrcode.com\/en\/wp-json\/wp\/v2\/media\/12222"}],"wp:attachment":[{"href":"https:\/\/check-qrcode.com\/en\/wp-json\/wp\/v2\/media?parent=12504"}],"wp:term":[{"taxonomy":"product_cat","embeddable":true,"href":"https:\/\/check-qrcode.com\/en\/wp-json\/wp\/v2\/product_cat?post=12504"},{"taxonomy":"product_tag","embeddable":true,"href":"https:\/\/check-qrcode.com\/en\/wp-json\/wp\/v2\/product_tag?post=12504"}],"curies":[{"name":"wp","href":"https:\/\/api.w.org\/{rel}","templated":true}]}}